{"id":510,"date":"2018-04-10T09:58:46","date_gmt":"2018-04-10T09:58:46","guid":{"rendered":"https:\/\/www.shirtblazer.de\/?page_id=510"},"modified":"2018-04-10T14:54:12","modified_gmt":"2018-04-10T14:54:12","slug":"robot-reboot","status":"publish","type":"page","link":"https:\/\/www.shirtblazer.de\/index.php\/robot-reboot\/","title":{"rendered":"Robot Reboot"},"content":{"rendered":"<p>[et_pb_section bb_built=&#8221;1&#8243; fullwidth=&#8221;on&#8221; specialty=&#8221;off&#8221; _builder_version=&#8221;3.0.75&#8243;][et_pb_fullwidth_image admin_label=&#8221;Volle Breite Header Robot Reboot&#8221; _builder_version=&#8221;3.0.75&#8243; src=&#8221;https:\/\/www.shirtblazer.de\/wp-content\/uploads\/2018\/04\/Header_RobotReboot.jpg&#8221; show_in_lightbox=&#8221;off&#8221; url_new_window=&#8221;off&#8221; use_overlay=&#8221;off&#8221; border_style=&#8221;solid&#8221; \/][\/et_pb_section][et_pb_section bb_built=&#8221;1&#8243; fullwidth=&#8221;off&#8221; specialty=&#8221;off&#8221; _builder_version=&#8221;3.0.75&#8243;][et_pb_row][et_pb_column type=&#8221;1_3&#8243;][et_pb_image _builder_version=&#8221;3.0.75&#8243; src=&#8221;https:\/\/www.shirtblazer.de\/wp-content\/uploads\/2018\/04\/Bildschirmfoto-2018-04-10-um-13.59.18.png&#8221; show_in_lightbox=&#8221;off&#8221; url=&#8221;https:\/\/shop.spreadshirt.de\/robotreboot\/robot+reboot-A115457514&#8243; url_new_window=&#8221;on&#8221; use_overlay=&#8221;off&#8221; always_center_on_mobile=&#8221;on&#8221; border_style=&#8221;solid&#8221; force_fullwidth=&#8221;off&#8221; show_bottom_space=&#8221;on&#8221; \/][\/et_pb_column][et_pb_column type=&#8221;1_3&#8243;][et_pb_text _builder_version=&#8221;3.0.75&#8243; background_layout=&#8221;light&#8221; border_style=&#8221;solid&#8221;]<\/p>\n<p><strong>ROBOT REBOOT<br \/>\nM\u00e4nnert T-Shirt<\/strong><\/p>\n<p class=\"p1\"><span class=\"s1\">Sind Roboter etwas die besseren Menschen oder vielleicht doch nur elegante Dosen\u00f6ffner?<br \/>\nRoboter sind mehr &#8211; Roboter sind eine Lebenseinstellung!<\/span><\/p>\n<p>UVP: 23,99 \u20ac<\/p>\n<p>Klassisch geschnittenes T-Shirt f\u00fcr M\u00e4nner, 100% Baumwolle, Stoffdichte: 185g\/m\u00b2. Marke: B&amp;C<\/p>\n<p><a href=\"https:\/\/shop.spreadshirt.de\/robotreboot\/robot+reboot-A115457514\" target=\"_blank\" rel=\"noopener\"><strong>HIER GEHT`S ZUR FABR- UND GR\u00d6SSENAUSWAHL.<\/strong><\/a><\/p>\n<p>[\/et_pb_text][\/et_pb_column][et_pb_column type=&#8221;1_3&#8243;][et_pb_image _builder_version=&#8221;3.0.75&#8243; src=&#8221;https:\/\/www.shirtblazer.de\/wp-content\/uploads\/2018\/04\/Bildschirmfoto-2018-04-10-um-14.01.52.png&#8221; show_in_lightbox=&#8221;off&#8221; url=&#8221;Klassisch geschnittenes T-Shirt f\u00fcr M\u00e4nner, 100% Baumwolle, Stoffdichte: 185g\/m\u00b2. Marke: B&amp;C&#8221; url_new_window=&#8221;on&#8221; use_overlay=&#8221;off&#8221; always_center_on_mobile=&#8221;on&#8221; border_style=&#8221;solid&#8221; force_fullwidth=&#8221;off&#8221; show_bottom_space=&#8221;on&#8221; \/][\/et_pb_column][\/et_pb_row][\/et_pb_section][et_pb_section bb_built=&#8221;1&#8243; fullwidth=&#8221;off&#8221; specialty=&#8221;off&#8221; _builder_version=&#8221;3.0.75&#8243;][et_pb_row][et_pb_column type=&#8221;1_3&#8243;][et_pb_image _builder_version=&#8221;3.0.75&#8243; src=&#8221;https:\/\/www.shirtblazer.de\/wp-content\/uploads\/2018\/04\/Bildschirmfoto-2018-04-10-um-14.05.05.png&#8221; show_in_lightbox=&#8221;off&#8221; url=&#8221;https:\/\/shop.spreadshirt.de\/robotreboot\/robot+reboot-A115457513&#8243; url_new_window=&#8221;on&#8221; use_overlay=&#8221;off&#8221; always_center_on_mobile=&#8221;on&#8221; border_style=&#8221;solid&#8221; force_fullwidth=&#8221;off&#8221; show_bottom_space=&#8221;on&#8221; \/][\/et_pb_column][et_pb_column type=&#8221;1_3&#8243;][et_pb_text _builder_version=&#8221;3.0.75&#8243; background_layout=&#8221;light&#8221; border_style=&#8221;solid&#8221;]<\/p>\n<p><strong>ROBOT REBOOT<br \/>\nFrauen Premium-Shirt<\/strong><\/p>\n<p class=\"p1\"><span class=\"s1\">Sind Roboter etwas die besseren Menschen oder vielleicht doch nur elegante Dosen\u00f6ffner?<br \/>\nRoboter sind mehr &#8211; Roboter sind eine Lebenseinstellung!<\/span><\/p>\n<p>UVP: 25,99 \u20ac<\/p>\n<p>Leicht tailliertes T-Shirt f\u00fcr Frauen, 100 % Baumwolle, Marke: Spreadshirt<\/p>\n<p><a href=\"https:\/\/shop.spreadshirt.de\/robotreboot\/robot+reboot-A115457513\" target=\"_blank\" rel=\"noopener\"><strong>HIER GEHT`S ZUR FABR- UND GR\u00d6SSENAUSWAHL.<\/strong><\/a><\/p>\n<p>[\/et_pb_text][\/et_pb_column][et_pb_column type=&#8221;1_3&#8243;][et_pb_image _builder_version=&#8221;3.0.75&#8243; src=&#8221;https:\/\/www.shirtblazer.de\/wp-content\/uploads\/2018\/04\/Bildschirmfoto-2018-04-10-um-14.05.16.png&#8221; show_in_lightbox=&#8221;off&#8221; url=&#8221;https:\/\/shop.spreadshirt.de\/robotreboot\/robot+reboot-A115457513&#8243; url_new_window=&#8221;on&#8221; use_overlay=&#8221;off&#8221; always_center_on_mobile=&#8221;on&#8221; border_style=&#8221;solid&#8221; force_fullwidth=&#8221;off&#8221; show_bottom_space=&#8221;on&#8221; \/][\/et_pb_column][\/et_pb_row][\/et_pb_section][et_pb_section bb_built=&#8221;1&#8243; fullwidth=&#8221;off&#8221; specialty=&#8221;off&#8221; _builder_version=&#8221;3.0.75&#8243;][et_pb_row][et_pb_column type=&#8221;1_3&#8243;][et_pb_image admin_label=&#8221;Tasse&#8221; _builder_version=&#8221;3.0.75&#8243; src=&#8221;https:\/\/www.shirtblazer.de\/wp-content\/uploads\/2018\/04\/Bildschirmfoto-2018-04-10-um-14.14.56.png&#8221; show_in_lightbox=&#8221;off&#8221; url=&#8221;https:\/\/shop.spreadshirt.de\/robotreboot\/robot+reboot-A115457512?productType=949&amp;appearance=39&#8243; url_new_window=&#8221;on&#8221; use_overlay=&#8221;off&#8221; always_center_on_mobile=&#8221;on&#8221; border_style=&#8221;solid&#8221; force_fullwidth=&#8221;off&#8221; show_bottom_space=&#8221;on&#8221; \/][et_pb_text _builder_version=&#8221;3.0.75&#8243; background_layout=&#8221;light&#8221; border_style=&#8221;solid&#8221;]<\/p>\n<p><strong>ROBOT REBOOT<br \/>\nVollkolorierte Tasse aus Keramik,<br \/>\nMarke: Print Equipment<\/strong><\/p>\n<p>UVP: 19,49 \u20ac<\/p>\n<p><a href=\"https:\/\/shop.spreadshirt.de\/robotreboot\/robot+reboot-A115457512?productType=949&amp;appearance=39\" target=\"_blank\" rel=\"noopener\"><strong>HIER GEHT`S ZUR FABRAUSWAHL.<\/strong><\/a><\/p>\n<p>[\/et_pb_text][\/et_pb_column][et_pb_column type=&#8221;1_3&#8243;][et_pb_image _builder_version=&#8221;3.0.75&#8243; src=&#8221;https:\/\/www.shirtblazer.de\/wp-content\/uploads\/2018\/04\/Bildschirmfoto-2018-04-10-um-14.18.11.png&#8221; show_in_lightbox=&#8221;off&#8221; url=&#8221;https:\/\/shop.spreadshirt.de\/robotreboot\/robot+reboot-A115457511?size=29&#8243; url_new_window=&#8221;on&#8221; use_overlay=&#8221;off&#8221; always_center_on_mobile=&#8221;on&#8221; border_style=&#8221;solid&#8221; force_fullwidth=&#8221;off&#8221; show_bottom_space=&#8221;on&#8221; \/][et_pb_text _builder_version=&#8221;3.0.75&#8243; background_layout=&#8221;light&#8221; border_style=&#8221;solid&#8221;]<\/p>\n<p><strong>ROBOT REBOOT<br \/>\nJersey-Beani, Unisex<\/strong><\/p>\n<p>UVP: 23,99 \u20ac<\/p>\n<p><a href=\"https:\/\/shop.spreadshirt.de\/robotreboot\/robot+reboot-A115457511?size=29\" target=\"_blank\" rel=\"noopener\"><strong>HIER GEHT`S ZUR FABR- UND GR\u00d6SSENAUSWAHL.<\/strong><\/a><\/p>\n<p>L\u00e4ssige M\u00fctze f\u00fcr drinnen und drau\u00dfen in Stretch-Qualit\u00e4t. 63% Polyester, 32% Baumwolle, 5% Elasthan. Marke: Build Your Brand<\/p>\n<p>[\/et_pb_text][\/et_pb_column][et_pb_column type=&#8221;1_3&#8243;][et_pb_image _builder_version=&#8221;3.0.75&#8243; src=&#8221;https:\/\/www.shirtblazer.de\/wp-content\/uploads\/2018\/04\/Bildschirmfoto-2018-04-10-um-14.20.13.png&#8221; show_in_lightbox=&#8221;off&#8221; url=&#8221;https:\/\/shop.spreadshirt.de\/robotreboot\/robot+reboot-A115457509?size=29&#8243; url_new_window=&#8221;on&#8221; use_overlay=&#8221;off&#8221; always_center_on_mobile=&#8221;on&#8221; border_style=&#8221;solid&#8221; force_fullwidth=&#8221;off&#8221; show_bottom_space=&#8221;on&#8221; \/][et_pb_text _builder_version=&#8221;3.0.75&#8243; background_layout=&#8221;light&#8221; border_style=&#8221;solid&#8221;]<\/p>\n<p><strong>ROBOT REBOOT<br \/>\nFrauen Premium-Tank Top<\/strong><\/p>\n<p>UVP: 23,99 \u20ac<\/p>\n<p>Sportliches Tank Top in Spitzenqualit\u00e4t aus 100% Baumwolle. Marke: Spreadshirt<\/p>\n<p><a href=\"https:\/\/shop.spreadshirt.de\/robotreboot\/robot+reboot-A115457509?size=29\" target=\"_blank\" rel=\"noopener\"><strong>HIER GEHT`S ZUR FABR- UND GR\u00d6SSENAUSWAHL.<\/strong><\/a><\/p>\n<p>[\/et_pb_text][\/et_pb_column][\/et_pb_row][\/et_pb_section][et_pb_section bb_built=&#8221;1&#8243; fullwidth=&#8221;off&#8221; specialty=&#8221;off&#8221;][et_pb_row][et_pb_column type=&#8221;4_4&#8243;][et_pb_video _builder_version=&#8221;3.0.75&#8243; src=&#8221;https:\/\/www.shirtblazer.de\/wp-content\/uploads\/2018\/04\/video_Robot_reboot_01_Frau_Hoodie.mp4&#8243; \/][\/et_pb_column][\/et_pb_row][\/et_pb_section][et_pb_section bb_built=&#8221;1&#8243; fullwidth=&#8221;off&#8221; specialty=&#8221;off&#8221; _builder_version=&#8221;3.0.75&#8243;][et_pb_row][et_pb_column type=&#8221;1_3&#8243;][et_pb_image _builder_version=&#8221;3.0.75&#8243; src=&#8221;https:\/\/www.shirtblazer.de\/wp-content\/uploads\/2018\/04\/Bildschirmfoto-2018-04-10-um-14.22.16.png&#8221; show_in_lightbox=&#8221;off&#8221; url=&#8221;https:\/\/shop.spreadshirt.de\/robotreboot\/robot+reboot-A115457507?productType=1194&amp;appearance=648&#8243; url_new_window=&#8221;on&#8221; use_overlay=&#8221;off&#8221; always_center_on_mobile=&#8221;on&#8221; border_style=&#8221;solid&#8221; force_fullwidth=&#8221;off&#8221; show_bottom_space=&#8221;on&#8221; \/][\/et_pb_column][et_pb_column type=&#8221;1_3&#8243;][et_pb_text _builder_version=&#8221;3.0.75&#8243; background_layout=&#8221;light&#8221; border_style=&#8221;solid&#8221;]<\/p>\n<p><strong>ROBOT REBOOT<br \/>\nLeichtes Kaputzensweatershirt, Unisex<\/strong><\/p>\n<p>UVP: 32,99 \u20ac<\/p>\n<p>Leichter Kapuzenpullover mit \u00c4rmeln aus Strukturstoff, 60% Baumwolle und 40% Polyester (French Terry), Marke: Spreadshirt<\/p>\n<p><a href=\"https:\/\/shop.spreadshirt.de\/robotreboot\/robot+reboot-A115457507?productType=1194&amp;appearance=648\" target=\"_blank\" rel=\"noopener\"><strong>HIER GEHT`S ZUR FABR- UND GR\u00d6SSENAUSWAHL.<\/strong><\/a><\/p>\n<p>[\/et_pb_text][\/et_pb_column][et_pb_column type=&#8221;1_3&#8243;][et_pb_image _builder_version=&#8221;3.0.75&#8243; src=&#8221;https:\/\/www.shirtblazer.de\/wp-content\/uploads\/2018\/04\/Bildschirmfoto-2018-04-10-um-14.22.22.png&#8221; show_in_lightbox=&#8221;off&#8221; url=&#8221;https:\/\/shop.spreadshirt.de\/robotreboot\/robot+reboot-A115457507?productType=1194&amp;appearance=648&#8243; url_new_window=&#8221;on&#8221; use_overlay=&#8221;off&#8221; always_center_on_mobile=&#8221;on&#8221; border_style=&#8221;solid&#8221; force_fullwidth=&#8221;off&#8221; show_bottom_space=&#8221;on&#8221; \/][\/et_pb_column][\/et_pb_row][\/et_pb_section]<\/p>\n","protected":false},"excerpt":{"rendered":"<p><div class=\"et_pb_row et_pb_row_0 et_pb_row_empty\">\n\t\t\t\t\n\t\t\t\t\n\t\t\t\t\n\t\t\t\t\n\t\t\t\t\n\t\t\t<\/div> ROBOT REBOOT M\u00e4nnert T-Shirt Sind Roboter etwas die besseren Menschen oder vielleicht doch nur elegante Dosen\u00f6ffner? Roboter sind mehr &#8211; Roboter sind eine Lebenseinstellung! UVP: 23,99 \u20ac Klassisch geschnittenes T-Shirt f\u00fcr M\u00e4nner, 100% Baumwolle, Stoffdichte: 185g\/m\u00b2. Marke: B&amp;C HIER GEHT`S ZUR FABR- UND GR\u00d6SSENAUSWAHL. <div class=\"et_pb_row et_pb_row_1 et_pb_row_empty\">\n\t\t\t\t\n\t\t\t\t\n\t\t\t\t\n\t\t\t\t\n\t\t\t\t\n\t\t\t<\/div> ROBOT REBOOT Frauen Premium-Shirt Sind Roboter etwas die besseren [&hellip;]<\/p>\n","protected":false},"author":3,"featured_media":0,"parent":0,"menu_order":0,"comment_status":"closed","ping_status":"closed","template":"","meta":{"_et_pb_use_builder":"on","_et_pb_old_content":"","_et_gb_content_width":"","footnotes":""},"class_list":["post-510","page","type-page","status-publish","hentry"],"yoast_head":"<!-- This site is optimized with the Yoast SEO plugin v27.4 - https:\/\/yoast.com\/product\/yoast-seo-wordpress\/ -->\n<title>Robot Reboot - shirtblazer<\/title>\n<meta name=\"robots\" content=\"index, follow, max-snippet:-1, max-image-preview:large, max-video-preview:-1\" \/>\n<link rel=\"canonical\" href=\"https:\/\/www.shirtblazer.de\/index.php\/robot-reboot\/\" \/>\n<meta property=\"og:locale\" content=\"de_DE\" \/>\n<meta property=\"og:type\" content=\"article\" \/>\n<meta property=\"og:title\" content=\"Robot Reboot - shirtblazer\" \/>\n<meta property=\"og:description\" content=\"ROBOT REBOOT M\u00e4nnert T-Shirt Sind Roboter etwas die besseren Menschen oder vielleicht doch nur elegante Dosen\u00f6ffner? Roboter sind mehr - Roboter sind eine Lebenseinstellung! UVP: 23,99 \u20ac Klassisch geschnittenes T-Shirt f\u00fcr M\u00e4nner, 100% Baumwolle, Stoffdichte: 185g\/m\u00b2. Marke: B&amp;C HIER GEHT`S ZUR FABR- UND GR\u00d6SSENAUSWAHL. ROBOT REBOOT Frauen Premium-Shirt Sind Roboter etwas die besseren [&hellip;]\" \/>\n<meta property=\"og:url\" content=\"https:\/\/www.shirtblazer.de\/index.php\/robot-reboot\/\" \/>\n<meta property=\"og:site_name\" content=\"shirtblazer\" \/>\n<meta property=\"article:publisher\" content=\"https:\/\/www.facebook.com\/shirtblazer\/\" \/>\n<meta property=\"article:modified_time\" content=\"2018-04-10T14:54:12+00:00\" \/>\n<meta name=\"twitter:card\" content=\"summary_large_image\" \/>\n<meta name=\"twitter:site\" content=\"@derherrgott\" \/>\n<meta name=\"twitter:label1\" content=\"Gesch\u00e4tzte Lesezeit\" \/>\n\t<meta name=\"twitter:data1\" content=\"5\u00a0Minuten\" \/>\n<script type=\"application\/ld+json\" class=\"yoast-schema-graph\">{\"@context\":\"https:\\\/\\\/schema.org\",\"@graph\":[{\"@type\":\"WebPage\",\"@id\":\"https:\\\/\\\/www.shirtblazer.de\\\/index.php\\\/robot-reboot\\\/\",\"url\":\"https:\\\/\\\/www.shirtblazer.de\\\/index.php\\\/robot-reboot\\\/\",\"name\":\"Robot Reboot - shirtblazer\",\"isPartOf\":{\"@id\":\"https:\\\/\\\/www.shirtblazer.de\\\/#website\"},\"datePublished\":\"2018-04-10T09:58:46+00:00\",\"dateModified\":\"2018-04-10T14:54:12+00:00\",\"breadcrumb\":{\"@id\":\"https:\\\/\\\/www.shirtblazer.de\\\/index.php\\\/robot-reboot\\\/#breadcrumb\"},\"inLanguage\":\"de\",\"potentialAction\":[{\"@type\":\"ReadAction\",\"target\":[\"https:\\\/\\\/www.shirtblazer.de\\\/index.php\\\/robot-reboot\\\/\"]}]},{\"@type\":\"BreadcrumbList\",\"@id\":\"https:\\\/\\\/www.shirtblazer.de\\\/index.php\\\/robot-reboot\\\/#breadcrumb\",\"itemListElement\":[{\"@type\":\"ListItem\",\"position\":1,\"name\":\"Startseite\",\"item\":\"https:\\\/\\\/www.shirtblazer.de\\\/\"},{\"@type\":\"ListItem\",\"position\":2,\"name\":\"Robot Reboot\"}]},{\"@type\":\"WebSite\",\"@id\":\"https:\\\/\\\/www.shirtblazer.de\\\/#website\",\"url\":\"https:\\\/\\\/www.shirtblazer.de\\\/\",\"name\":\"shirtblazer\",\"description\":\"das t-shirt paradies\",\"potentialAction\":[{\"@type\":\"SearchAction\",\"target\":{\"@type\":\"EntryPoint\",\"urlTemplate\":\"https:\\\/\\\/www.shirtblazer.de\\\/?s={search_term_string}\"},\"query-input\":{\"@type\":\"PropertyValueSpecification\",\"valueRequired\":true,\"valueName\":\"search_term_string\"}}],\"inLanguage\":\"de\"}]}<\/script>\n<!-- \/ Yoast SEO plugin. -->","yoast_head_json":{"title":"Robot Reboot - shirtblazer","robots":{"index":"index","follow":"follow","max-snippet":"max-snippet:-1","max-image-preview":"max-image-preview:large","max-video-preview":"max-video-preview:-1"},"canonical":"https:\/\/www.shirtblazer.de\/index.php\/robot-reboot\/","og_locale":"de_DE","og_type":"article","og_title":"Robot Reboot - shirtblazer","og_description":"ROBOT REBOOT M\u00e4nnert T-Shirt Sind Roboter etwas die besseren Menschen oder vielleicht doch nur elegante Dosen\u00f6ffner? Roboter sind mehr - Roboter sind eine Lebenseinstellung! UVP: 23,99 \u20ac Klassisch geschnittenes T-Shirt f\u00fcr M\u00e4nner, 100% Baumwolle, Stoffdichte: 185g\/m\u00b2. Marke: B&amp;C HIER GEHT`S ZUR FABR- UND GR\u00d6SSENAUSWAHL. ROBOT REBOOT Frauen Premium-Shirt Sind Roboter etwas die besseren [&hellip;]","og_url":"https:\/\/www.shirtblazer.de\/index.php\/robot-reboot\/","og_site_name":"shirtblazer","article_publisher":"https:\/\/www.facebook.com\/shirtblazer\/","article_modified_time":"2018-04-10T14:54:12+00:00","twitter_card":"summary_large_image","twitter_site":"@derherrgott","twitter_misc":{"Gesch\u00e4tzte Lesezeit":"5\u00a0Minuten"},"schema":{"@context":"https:\/\/schema.org","@graph":[{"@type":"WebPage","@id":"https:\/\/www.shirtblazer.de\/index.php\/robot-reboot\/","url":"https:\/\/www.shirtblazer.de\/index.php\/robot-reboot\/","name":"Robot Reboot - shirtblazer","isPartOf":{"@id":"https:\/\/www.shirtblazer.de\/#website"},"datePublished":"2018-04-10T09:58:46+00:00","dateModified":"2018-04-10T14:54:12+00:00","breadcrumb":{"@id":"https:\/\/www.shirtblazer.de\/index.php\/robot-reboot\/#breadcrumb"},"inLanguage":"de","potentialAction":[{"@type":"ReadAction","target":["https:\/\/www.shirtblazer.de\/index.php\/robot-reboot\/"]}]},{"@type":"BreadcrumbList","@id":"https:\/\/www.shirtblazer.de\/index.php\/robot-reboot\/#breadcrumb","itemListElement":[{"@type":"ListItem","position":1,"name":"Startseite","item":"https:\/\/www.shirtblazer.de\/"},{"@type":"ListItem","position":2,"name":"Robot Reboot"}]},{"@type":"WebSite","@id":"https:\/\/www.shirtblazer.de\/#website","url":"https:\/\/www.shirtblazer.de\/","name":"shirtblazer","description":"das t-shirt paradies","potentialAction":[{"@type":"SearchAction","target":{"@type":"EntryPoint","urlTemplate":"https:\/\/www.shirtblazer.de\/?s={search_term_string}"},"query-input":{"@type":"PropertyValueSpecification","valueRequired":true,"valueName":"search_term_string"}}],"inLanguage":"de"}]}},"_links":{"self":[{"href":"https:\/\/www.shirtblazer.de\/index.php\/wp-json\/wp\/v2\/pages\/510","targetHints":{"allow":["GET"]}}],"collection":[{"href":"https:\/\/www.shirtblazer.de\/index.php\/wp-json\/wp\/v2\/pages"}],"about":[{"href":"https:\/\/www.shirtblazer.de\/index.php\/wp-json\/wp\/v2\/types\/page"}],"author":[{"embeddable":true,"href":"https:\/\/www.shirtblazer.de\/index.php\/wp-json\/wp\/v2\/users\/3"}],"replies":[{"embeddable":true,"href":"https:\/\/www.shirtblazer.de\/index.php\/wp-json\/wp\/v2\/comments?post=510"}],"version-history":[{"count":8,"href":"https:\/\/www.shirtblazer.de\/index.php\/wp-json\/wp\/v2\/pages\/510\/revisions"}],"predecessor-version":[{"id":530,"href":"https:\/\/www.shirtblazer.de\/index.php\/wp-json\/wp\/v2\/pages\/510\/revisions\/530"}],"wp:attachment":[{"href":"https:\/\/www.shirtblazer.de\/index.php\/wp-json\/wp\/v2\/media?parent=510"}],"curies":[{"name":"wp","href":"https:\/\/api.w.org\/{rel}","templated":true}]}}