{"id":552,"date":"2018-04-26T15:48:01","date_gmt":"2018-04-26T15:48:01","guid":{"rendered":"https:\/\/www.shirtblazer.de\/?page_id=552"},"modified":"2019-09-24T16:00:05","modified_gmt":"2019-09-24T16:00:05","slug":"kritzel-pitzel","status":"publish","type":"page","link":"https:\/\/www.shirtblazer.de\/index.php\/kritzel-pitzel\/","title":{"rendered":"Kritzel Pitzel"},"content":{"rendered":"<p>[et_pb_section fb_built=&#8221;1&#8243; fullwidth=&#8221;on&#8221; _builder_version=&#8221;3.22&#8243; fb_built=&#8221;1&#8243; bb_built=&#8221;1&#8243; _i=&#8221;0&#8243; _address=&#8221;0&#8243;][et_pb_fullwidth_image src=&#8221;https:\/\/www.shirtblazer.de\/wp-content\/uploads\/2018\/04\/Header_KritzelPitzel.png&#8221; admin_label=&#8221;Volle Breite Header ablassshop&#8221; _builder_version=&#8221;3.0.87&#8243; border_style=&#8221;solid&#8221; _i=&#8221;0&#8243; _address=&#8221;0.0&#8243;][\/et_pb_fullwidth_image][\/et_pb_section][et_pb_section fb_built=&#8221;1&#8243; _builder_version=&#8221;3.22&#8243; fb_built=&#8221;1&#8243; bb_built=&#8221;1&#8243; _i=&#8221;1&#8243; _address=&#8221;1&#8243;][et_pb_row column_structure=&#8221;1_3,1_3,1_3&#8243; _builder_version=&#8221;3.25&#8243; background_size=&#8221;initial&#8221; background_position=&#8221;top_left&#8221; background_repeat=&#8221;repeat&#8221; _i=&#8221;0&#8243; _address=&#8221;1.0&#8243;][et_pb_column type=&#8221;1_3&#8243; _builder_version=&#8221;3.25&#8243; custom_padding=&#8221;|||&#8221; _i=&#8221;0&#8243; _address=&#8221;1.0.0&#8243; custom_padding__hover=&#8221;|||&#8221;][et_pb_image src=&#8221;https:\/\/www.shirtblazer.de\/wp-content\/uploads\/2018\/04\/Bildschirmfoto-2018-04-26-um-17.49.51.png&#8221; url=&#8221;https:\/\/shop.spreadshirt.de\/kritzelpitzel\/noe-A115532303&#8243; url_new_window=&#8221;on&#8221; align_tablet=&#8221;center&#8221; align_last_edited=&#8221;on|desktop&#8221; _builder_version=&#8221;3.23&#8243; border_style=&#8221;solid&#8221; always_center_on_mobile=&#8221;on&#8221; _i=&#8221;0&#8243; _address=&#8221;1.0.0.0&#8243;][\/et_pb_image][\/et_pb_column][et_pb_column type=&#8221;1_3&#8243; _builder_version=&#8221;3.25&#8243; custom_padding=&#8221;|||&#8221; _i=&#8221;1&#8243; _address=&#8221;1.0.1&#8243; custom_padding__hover=&#8221;|||&#8221;][et_pb_text _builder_version=&#8221;3.27.4&#8243; border_style=&#8221;solid&#8221; _i=&#8221;0&#8243; _address=&#8221;1.0.1.0&#8243;]<strong>&#8220;N\u00d6&#8221;<br \/>\nKinder-Premium-Shirt<\/strong><\/p>\n<p><span class=\"s1\">Niemand kann sch\u00f6ner &#8220;nein&#8221; sagen, als Kinder &lt;3 Und wer kann diesem kleinen Wesen hier schon widerstehen?!<br \/>\nUnisex T-Shirt f\u00fcr Kinder, 100% Baumwolle. Marke: Spreadshirt <\/span><\/p>\n<p>UVP: 20,49 \u20ac<\/p>\n<p><a href=\"https:\/\/shop.spreadshirt.de\/kritzelpitzel\/noe-A115532303\"><strong>HIER GEHT`S ZUR FABR- UND GR\u00d6SSENAUSWAHL.<\/strong><\/a><br \/>\n[\/et_pb_text][\/et_pb_column][et_pb_column type=&#8221;1_3&#8243; _builder_version=&#8221;3.25&#8243; custom_padding=&#8221;|||&#8221; _i=&#8221;2&#8243; _address=&#8221;1.0.2&#8243; custom_padding__hover=&#8221;|||&#8221;][et_pb_image src=&#8221;https:\/\/www.shirtblazer.de\/wp-content\/uploads\/2018\/04\/Bildschirmfoto-2018-04-26-um-17.52.32.png&#8221; url=&#8221;https:\/\/shop.spreadshirt.de\/kritzelpitzel\/noe-A115532303&#8243; url_new_window=&#8221;on&#8221; align_tablet=&#8221;center&#8221; align_last_edited=&#8221;on|desktop&#8221; _builder_version=&#8221;3.23&#8243; border_style=&#8221;solid&#8221; always_center_on_mobile=&#8221;on&#8221; _i=&#8221;0&#8243; _address=&#8221;1.0.2.0&#8243;][\/et_pb_image][\/et_pb_column][\/et_pb_row][\/et_pb_section][et_pb_section fb_built=&#8221;1&#8243; _builder_version=&#8221;3.29.3&#8243; fb_built=&#8221;1&#8243; _i=&#8221;2&#8243; _address=&#8221;2&#8243;][et_pb_row _builder_version=&#8221;3.29.3&#8243; _i=&#8221;0&#8243; _address=&#8221;2.0&#8243;][et_pb_column type=&#8221;4_4&#8243; _builder_version=&#8221;3.29.3&#8243; _i=&#8221;0&#8243; _address=&#8221;2.0.0&#8243;][et_pb_video src=&#8221;https:\/\/www.shirtblazer.de\/wp-content\/uploads\/2019\/09\/Its_A_Trap_Video.mp4&#8243; _builder_version=&#8221;3.29.3&#8243; hover_enabled=&#8221;0&#8243; _i=&#8221;0&#8243; _address=&#8221;2.0.0.0&#8243; src_webm=&#8221;https:\/\/www.shirtblazer.de\/wp-content\/uploads\/2019\/09\/Its_A_Trap_Video.webm&#8221;][\/et_pb_video][\/et_pb_column][\/et_pb_row][\/et_pb_section][et_pb_section fb_built=&#8221;1&#8243; _builder_version=&#8221;3.22&#8243; fb_built=&#8221;1&#8243; bb_built=&#8221;1&#8243; _i=&#8221;1&#8243; _address=&#8221;1&#8243; locked=&#8221;off&#8221;][et_pb_row column_structure=&#8221;1_3,1_3,1_3&#8243; _builder_version=&#8221;3.25&#8243; background_size=&#8221;initial&#8221; background_position=&#8221;top_left&#8221; background_repeat=&#8221;repeat&#8221; _i=&#8221;0&#8243; _address=&#8221;1.0&#8243;][et_pb_column type=&#8221;1_3&#8243; _builder_version=&#8221;3.25&#8243; custom_padding=&#8221;|||&#8221; _i=&#8221;0&#8243; _address=&#8221;1.0.0&#8243; custom_padding__hover=&#8221;|||&#8221;][et_pb_image src=&#8221;https:\/\/www.shirtblazer.de\/wp-content\/uploads\/2019\/09\/Bildschirmfoto-2019-09-24-um-17.49.13.png&#8221; url=&#8221;https:\/\/partner.spreadshirt.de\/shop-area\/663097\/shop&#8221; url_new_window=&#8221;on&#8221; align_tablet=&#8221;center&#8221; align_last_edited=&#8221;on|desktop&#8221; _builder_version=&#8221;3.29.3&#8243; hover_enabled=&#8221;0&#8243; border_style=&#8221;solid&#8221; always_center_on_mobile=&#8221;on&#8221; _i=&#8221;0&#8243; _address=&#8221;1.0.0.0&#8243;][\/et_pb_image][\/et_pb_column][et_pb_column type=&#8221;1_3&#8243; _builder_version=&#8221;3.25&#8243; custom_padding=&#8221;|||&#8221; _i=&#8221;1&#8243; _address=&#8221;1.0.1&#8243; custom_padding__hover=&#8221;|||&#8221;][et_pb_text _builder_version=&#8221;3.29.3&#8243; hover_enabled=&#8221;0&#8243; border_style=&#8221;solid&#8221; _i=&#8221;0&#8243; _address=&#8221;1.0.1.0&#8243;]<\/p>\n<p><strong>Don`t grow up. It`s a trap!<br \/> Kinder-Premium-Shirts<\/strong><\/p>\n<p><span>Aus Erwachsenensicht muss das die Botschaft an unseren Nachwuchs sein! Bewahrt Euch Eure Kindheit!<\/span><\/p>\n<p>Teenager-Shirt (links), Kindershirts (rechts) und noch vierl mehr (unten).<\/p>\n<p>[\/et_pb_text][\/et_pb_column][et_pb_column type=&#8221;1_3&#8243; _builder_version=&#8221;3.25&#8243; custom_padding=&#8221;|||&#8221; _i=&#8221;2&#8243; _address=&#8221;1.0.2&#8243; custom_padding__hover=&#8221;|||&#8221;][et_pb_image src=&#8221;https:\/\/www.shirtblazer.de\/wp-content\/uploads\/2019\/09\/Bildschirmfoto-2019-09-24-um-17.49.29.png&#8221; url=&#8221;https:\/\/partner.spreadshirt.de\/shop-area\/663097\/shop&#8221; url_new_window=&#8221;on&#8221; align_tablet=&#8221;center&#8221; align_last_edited=&#8221;on|desktop&#8221; _builder_version=&#8221;3.29.3&#8243; hover_enabled=&#8221;0&#8243; border_style=&#8221;solid&#8221; always_center_on_mobile=&#8221;on&#8221; _i=&#8221;0&#8243; _address=&#8221;1.0.2.0&#8243;][\/et_pb_image][\/et_pb_column][\/et_pb_row][et_pb_row _builder_version=&#8221;3.29.3&#8243; column_structure=&#8221;1_3,1_3,1_3&#8243;][et_pb_column _builder_version=&#8221;3.29.3&#8243; type=&#8221;1_3&#8243;][et_pb_image src=&#8221;https:\/\/www.shirtblazer.de\/wp-content\/uploads\/2019\/09\/Bildschirmfoto-2019-09-24-um-17.49.48.png&#8221; _builder_version=&#8221;3.29.3&#8243; url=&#8221;https:\/\/partner.spreadshirt.de\/shop-area\/663097\/shop&#8221; url_new_window=&#8221;on&#8221; hover_enabled=&#8221;0&#8243;][\/et_pb_image][\/et_pb_column][et_pb_column _builder_version=&#8221;3.29.3&#8243; type=&#8221;1_3&#8243;][et_pb_image src=&#8221;https:\/\/www.shirtblazer.de\/wp-content\/uploads\/2019\/09\/Bildschirmfoto-2019-09-24-um-17.49.39.png&#8221; _builder_version=&#8221;3.29.3&#8243; url=&#8221;https:\/\/partner.spreadshirt.de\/shop-area\/663097\/shop&#8221; url_new_window=&#8221;on&#8221; hover_enabled=&#8221;0&#8243;][\/et_pb_image][\/et_pb_column][et_pb_column _builder_version=&#8221;3.29.3&#8243; type=&#8221;1_3&#8243;][et_pb_image src=&#8221;https:\/\/www.shirtblazer.de\/wp-content\/uploads\/2019\/09\/Bildschirmfoto-2019-09-24-um-17.48.58.png&#8221; _builder_version=&#8221;3.29.3&#8243; url=&#8221;https:\/\/partner.spreadshirt.de\/shop-area\/663097\/shop&#8221; hover_enabled=&#8221;0&#8243;][\/et_pb_image][\/et_pb_column][\/et_pb_row][et_pb_row _builder_version=&#8221;3.29.3&#8243; column_structure=&#8221;1_3,1_3,1_3&#8243;][et_pb_column _builder_version=&#8221;3.29.3&#8243; type=&#8221;1_3&#8243;][et_pb_image src=&#8221;https:\/\/www.shirtblazer.de\/wp-content\/uploads\/2019\/09\/Bildschirmfoto-2019-09-24-um-17.48.44.png&#8221; _builder_version=&#8221;3.29.3&#8243; url=&#8221;https:\/\/partner.spreadshirt.de\/shop-area\/663097\/shop&#8221; url_new_window=&#8221;on&#8221; hover_enabled=&#8221;0&#8243;][\/et_pb_image][\/et_pb_column][et_pb_column _builder_version=&#8221;3.29.3&#8243; type=&#8221;1_3&#8243;][et_pb_image src=&#8221;https:\/\/www.shirtblazer.de\/wp-content\/uploads\/2019\/09\/Bildschirmfoto-2019-09-24-um-17.50.10.png&#8221; _builder_version=&#8221;3.29.3&#8243; url=&#8221;https:\/\/partner.spreadshirt.de\/shop-area\/663097\/shop&#8221; url_new_window=&#8221;on&#8221; hover_enabled=&#8221;0&#8243;][\/et_pb_image][\/et_pb_column][et_pb_column _builder_version=&#8221;3.29.3&#8243; type=&#8221;1_3&#8243;][et_pb_image src=&#8221;https:\/\/www.shirtblazer.de\/wp-content\/uploads\/2019\/09\/Bildschirmfoto-2019-09-24-um-17.50.01.png&#8221; _builder_version=&#8221;3.29.3&#8243; url=&#8221;https:\/\/partner.spreadshirt.de\/shop-area\/663097\/shop&#8221; hover_enabled=&#8221;0&#8243;][\/et_pb_image][\/et_pb_column][\/et_pb_row][\/et_pb_section]<\/p>\n","protected":false},"excerpt":{"rendered":"<p>&#8220;N\u00d6&#8221; Kinder-Premium-Shirt Niemand kann sch\u00f6ner &#8220;nein&#8221; sagen, als Kinder &lt;3 Und wer kann diesem kleinen Wesen hier schon widerstehen?! Unisex T-Shirt f\u00fcr Kinder, 100% Baumwolle. Marke: Spreadshirt UVP: 20,49 \u20ac HIER GEHT`S ZUR FABR- UND GR\u00d6SSENAUSWAHL. Don`t grow up. It`s a trap! Kinder-Premium-Shirts Aus Erwachsenensicht muss das die Botschaft an unseren Nachwuchs sein! Bewahrt Euch [&hellip;]<\/p>\n","protected":false},"author":3,"featured_media":0,"parent":0,"menu_order":0,"comment_status":"closed","ping_status":"closed","template":"","meta":{"_et_pb_use_builder":"on","_et_pb_old_content":"","_et_gb_content_width":"","footnotes":""},"class_list":["post-552","page","type-page","status-publish","hentry"],"yoast_head":"<!-- This site is optimized with the Yoast SEO plugin v27.5 - https:\/\/yoast.com\/product\/yoast-seo-wordpress\/ -->\n<title>Kritzel Pitzel - shirtblazer<\/title>\n<meta name=\"robots\" content=\"index, follow, max-snippet:-1, max-image-preview:large, max-video-preview:-1\" \/>\n<link rel=\"canonical\" href=\"https:\/\/www.shirtblazer.de\/index.php\/kritzel-pitzel\/\" \/>\n<meta property=\"og:locale\" content=\"de_DE\" \/>\n<meta property=\"og:type\" content=\"article\" \/>\n<meta property=\"og:title\" content=\"Kritzel Pitzel - shirtblazer\" \/>\n<meta property=\"og:description\" content=\"&quot;N\u00d6&quot; Kinder-Premium-Shirt Niemand kann sch\u00f6ner &quot;nein&quot; sagen, als Kinder &lt;3 Und wer kann diesem kleinen Wesen hier schon widerstehen?! Unisex T-Shirt f\u00fcr Kinder, 100% Baumwolle. Marke: Spreadshirt UVP: 20,49 \u20ac HIER GEHT`S ZUR FABR- UND GR\u00d6SSENAUSWAHL. Don`t grow up. It`s a trap! Kinder-Premium-Shirts Aus Erwachsenensicht muss das die Botschaft an unseren Nachwuchs sein! Bewahrt Euch [&hellip;]\" \/>\n<meta property=\"og:url\" content=\"https:\/\/www.shirtblazer.de\/index.php\/kritzel-pitzel\/\" \/>\n<meta property=\"og:site_name\" content=\"shirtblazer\" \/>\n<meta property=\"article:publisher\" content=\"https:\/\/www.facebook.com\/shirtblazer\/\" \/>\n<meta property=\"article:modified_time\" content=\"2019-09-24T16:00:05+00:00\" \/>\n<meta name=\"twitter:card\" content=\"summary_large_image\" \/>\n<meta name=\"twitter:site\" content=\"@derherrgott\" \/>\n<meta name=\"twitter:label1\" content=\"Gesch\u00e4tzte Lesezeit\" \/>\n\t<meta name=\"twitter:data1\" content=\"4\u00a0Minuten\" \/>\n<script type=\"application\/ld+json\" class=\"yoast-schema-graph\">{\"@context\":\"https:\\\/\\\/schema.org\",\"@graph\":[{\"@type\":\"WebPage\",\"@id\":\"https:\\\/\\\/www.shirtblazer.de\\\/index.php\\\/kritzel-pitzel\\\/\",\"url\":\"https:\\\/\\\/www.shirtblazer.de\\\/index.php\\\/kritzel-pitzel\\\/\",\"name\":\"Kritzel Pitzel - shirtblazer\",\"isPartOf\":{\"@id\":\"https:\\\/\\\/www.shirtblazer.de\\\/#website\"},\"datePublished\":\"2018-04-26T15:48:01+00:00\",\"dateModified\":\"2019-09-24T16:00:05+00:00\",\"breadcrumb\":{\"@id\":\"https:\\\/\\\/www.shirtblazer.de\\\/index.php\\\/kritzel-pitzel\\\/#breadcrumb\"},\"inLanguage\":\"de\",\"potentialAction\":[{\"@type\":\"ReadAction\",\"target\":[\"https:\\\/\\\/www.shirtblazer.de\\\/index.php\\\/kritzel-pitzel\\\/\"]}]},{\"@type\":\"BreadcrumbList\",\"@id\":\"https:\\\/\\\/www.shirtblazer.de\\\/index.php\\\/kritzel-pitzel\\\/#breadcrumb\",\"itemListElement\":[{\"@type\":\"ListItem\",\"position\":1,\"name\":\"Startseite\",\"item\":\"https:\\\/\\\/www.shirtblazer.de\\\/\"},{\"@type\":\"ListItem\",\"position\":2,\"name\":\"Kritzel Pitzel\"}]},{\"@type\":\"WebSite\",\"@id\":\"https:\\\/\\\/www.shirtblazer.de\\\/#website\",\"url\":\"https:\\\/\\\/www.shirtblazer.de\\\/\",\"name\":\"shirtblazer\",\"description\":\"das t-shirt paradies\",\"potentialAction\":[{\"@type\":\"SearchAction\",\"target\":{\"@type\":\"EntryPoint\",\"urlTemplate\":\"https:\\\/\\\/www.shirtblazer.de\\\/?s={search_term_string}\"},\"query-input\":{\"@type\":\"PropertyValueSpecification\",\"valueRequired\":true,\"valueName\":\"search_term_string\"}}],\"inLanguage\":\"de\"}]}<\/script>\n<!-- \/ Yoast SEO plugin. -->","yoast_head_json":{"title":"Kritzel Pitzel - shirtblazer","robots":{"index":"index","follow":"follow","max-snippet":"max-snippet:-1","max-image-preview":"max-image-preview:large","max-video-preview":"max-video-preview:-1"},"canonical":"https:\/\/www.shirtblazer.de\/index.php\/kritzel-pitzel\/","og_locale":"de_DE","og_type":"article","og_title":"Kritzel Pitzel - shirtblazer","og_description":"\"N\u00d6\" Kinder-Premium-Shirt Niemand kann sch\u00f6ner \"nein\" sagen, als Kinder &lt;3 Und wer kann diesem kleinen Wesen hier schon widerstehen?! Unisex T-Shirt f\u00fcr Kinder, 100% Baumwolle. Marke: Spreadshirt UVP: 20,49 \u20ac HIER GEHT`S ZUR FABR- UND GR\u00d6SSENAUSWAHL. Don`t grow up. It`s a trap! Kinder-Premium-Shirts Aus Erwachsenensicht muss das die Botschaft an unseren Nachwuchs sein! Bewahrt Euch [&hellip;]","og_url":"https:\/\/www.shirtblazer.de\/index.php\/kritzel-pitzel\/","og_site_name":"shirtblazer","article_publisher":"https:\/\/www.facebook.com\/shirtblazer\/","article_modified_time":"2019-09-24T16:00:05+00:00","twitter_card":"summary_large_image","twitter_site":"@derherrgott","twitter_misc":{"Gesch\u00e4tzte Lesezeit":"4\u00a0Minuten"},"schema":{"@context":"https:\/\/schema.org","@graph":[{"@type":"WebPage","@id":"https:\/\/www.shirtblazer.de\/index.php\/kritzel-pitzel\/","url":"https:\/\/www.shirtblazer.de\/index.php\/kritzel-pitzel\/","name":"Kritzel Pitzel - shirtblazer","isPartOf":{"@id":"https:\/\/www.shirtblazer.de\/#website"},"datePublished":"2018-04-26T15:48:01+00:00","dateModified":"2019-09-24T16:00:05+00:00","breadcrumb":{"@id":"https:\/\/www.shirtblazer.de\/index.php\/kritzel-pitzel\/#breadcrumb"},"inLanguage":"de","potentialAction":[{"@type":"ReadAction","target":["https:\/\/www.shirtblazer.de\/index.php\/kritzel-pitzel\/"]}]},{"@type":"BreadcrumbList","@id":"https:\/\/www.shirtblazer.de\/index.php\/kritzel-pitzel\/#breadcrumb","itemListElement":[{"@type":"ListItem","position":1,"name":"Startseite","item":"https:\/\/www.shirtblazer.de\/"},{"@type":"ListItem","position":2,"name":"Kritzel Pitzel"}]},{"@type":"WebSite","@id":"https:\/\/www.shirtblazer.de\/#website","url":"https:\/\/www.shirtblazer.de\/","name":"shirtblazer","description":"das t-shirt paradies","potentialAction":[{"@type":"SearchAction","target":{"@type":"EntryPoint","urlTemplate":"https:\/\/www.shirtblazer.de\/?s={search_term_string}"},"query-input":{"@type":"PropertyValueSpecification","valueRequired":true,"valueName":"search_term_string"}}],"inLanguage":"de"}]}},"_links":{"self":[{"href":"https:\/\/www.shirtblazer.de\/index.php\/wp-json\/wp\/v2\/pages\/552","targetHints":{"allow":["GET"]}}],"collection":[{"href":"https:\/\/www.shirtblazer.de\/index.php\/wp-json\/wp\/v2\/pages"}],"about":[{"href":"https:\/\/www.shirtblazer.de\/index.php\/wp-json\/wp\/v2\/types\/page"}],"author":[{"embeddable":true,"href":"https:\/\/www.shirtblazer.de\/index.php\/wp-json\/wp\/v2\/users\/3"}],"replies":[{"embeddable":true,"href":"https:\/\/www.shirtblazer.de\/index.php\/wp-json\/wp\/v2\/comments?post=552"}],"version-history":[{"count":6,"href":"https:\/\/www.shirtblazer.de\/index.php\/wp-json\/wp\/v2\/pages\/552\/revisions"}],"predecessor-version":[{"id":834,"href":"https:\/\/www.shirtblazer.de\/index.php\/wp-json\/wp\/v2\/pages\/552\/revisions\/834"}],"wp:attachment":[{"href":"https:\/\/www.shirtblazer.de\/index.php\/wp-json\/wp\/v2\/media?parent=552"}],"curies":[{"name":"wp","href":"https:\/\/api.w.org\/{rel}","templated":true}]}}