{"id":561,"date":"2018-04-26T20:49:51","date_gmt":"2018-04-26T20:49:51","guid":{"rendered":"https:\/\/www.shirtblazer.de\/?page_id=561"},"modified":"2019-09-25T16:27:37","modified_gmt":"2019-09-25T16:27:37","slug":"blog","status":"publish","type":"page","link":"https:\/\/www.shirtblazer.de\/index.php\/blog\/","title":{"rendered":"Blog"},"content":{"rendered":"<p>[et_pb_section fb_built=&#8221;1&#8243; fullwidth=&#8221;on&#8221; _builder_version=&#8221;3.22&#8243; fb_built=&#8221;1&#8243; bb_built=&#8221;1&#8243; _i=&#8221;0&#8243; _address=&#8221;0&#8243;][et_pb_fullwidth_image src=&#8221;https:\/\/www.shirtblazer.de\/wp-content\/uploads\/2018\/04\/Header_BLOG.png&#8221; admin_label=&#8221;Volle Breite Header ablassshop&#8221; _builder_version=&#8221;3.0.87&#8243; border_style=&#8221;solid&#8221; _i=&#8221;0&#8243; _address=&#8221;0.0&#8243;][\/et_pb_fullwidth_image][\/et_pb_section][et_pb_section fb_built=&#8221;1&#8243; _builder_version=&#8221;3.22&#8243; fb_built=&#8221;1&#8243; bb_built=&#8221;1&#8243; _i=&#8221;1&#8243; _address=&#8221;1&#8243;][et_pb_row column_structure=&#8221;1_2,1_2&#8243; _builder_version=&#8221;3.25&#8243; background_size=&#8221;initial&#8221; background_position=&#8221;top_left&#8221; background_repeat=&#8221;repeat&#8221; _i=&#8221;0&#8243; _address=&#8221;1.0&#8243;][et_pb_column type=&#8221;1_2&#8243; _builder_version=&#8221;3.25&#8243; custom_padding=&#8221;|||&#8221; _i=&#8221;0&#8243; _address=&#8221;1.0.0&#8243; custom_padding__hover=&#8221;|||&#8221;][et_pb_image src=&#8221;https:\/\/www.shirtblazer.de\/wp-content\/uploads\/2018\/04\/Bildschirmfoto-2018-04-26-um-22.58.18.png&#8221; align_tablet=&#8221;center&#8221; align_last_edited=&#8221;on|desktop&#8221; _builder_version=&#8221;3.23&#8243; border_style=&#8221;solid&#8221; always_center_on_mobile=&#8221;on&#8221; _i=&#8221;0&#8243; _address=&#8221;1.0.0.0&#8243;][\/et_pb_image][\/et_pb_column][et_pb_column type=&#8221;1_2&#8243; _builder_version=&#8221;3.25&#8243; custom_padding=&#8221;|||&#8221; _i=&#8221;1&#8243; _address=&#8221;1.0.1&#8243; custom_padding__hover=&#8221;|||&#8221;][et_pb_text _builder_version=&#8221;3.27.4&#8243; border_style=&#8221;solid&#8221; _i=&#8221;0&#8243; _address=&#8221;1.0.1.0&#8243;]<strong>Ich, als Inhaber dieser Seite, kann Ihnen aus tiefstem Herzen versichern, es ist stets extrem verf\u00e4nglich und hinterh\u00e4ltig, wenn Ihnen der Inhaber einer Seite aus tiefstem Herzen etwas versichern m\u00f6chte.<\/strong><\/p>\n<p>In Folge dessen bitte ich Sie, mir zu glauben, dass ich Ihnen hier wirklich nur etwas verkaufen will. Ich habe keinerlei &#8211; und ich gebe Ihnen hier mein Ehrenwort &#8211; keinerlei Spa\u00df am Betreiben dieser Seite, jenseits von niederen, ausschlie\u00dflich monet\u00e4ren Interessen. Spenden f\u00fcr goldene Badewannen werden dennoch wohlwollend gepr\u00fcft.<\/p>\n<p>Herzlichst und ohne weitere Hintergedanken,<\/p>\n<p>Ihr Markus &#8220;derherrgott&#8221; G. S\u00e4nger<br \/>\n[\/et_pb_text][\/et_pb_column][\/et_pb_row][\/et_pb_section][et_pb_section fb_built=&#8221;1&#8243; _builder_version=&#8221;3.29.3&#8243; hover_enabled=&#8221;0&#8243; fb_built=&#8221;1&#8243; bb_built=&#8221;1&#8243; _i=&#8221;2&#8243; _address=&#8221;2&#8243; background_color=&#8221;#ffb200&#8243;][et_pb_row _builder_version=&#8221;3.25&#8243; background_size=&#8221;initial&#8221; background_position=&#8221;top_left&#8221; background_repeat=&#8221;repeat&#8221; _i=&#8221;0&#8243; _address=&#8221;2.0&#8243;][et_pb_column type=&#8221;4_4&#8243; _builder_version=&#8221;3.25&#8243; custom_padding=&#8221;|||&#8221; _i=&#8221;0&#8243; _address=&#8221;2.0.0&#8243; custom_padding__hover=&#8221;|||&#8221;][et_pb_blog show_comments=&#8221;on&#8221; _builder_version=&#8221;3.0.94&#8243; pagination_font_size_tablet=&#8221;51&#8243; pagination_line_height_tablet=&#8221;2&#8243; border_style=&#8221;solid&#8221; use_dropshadow=&#8221;off&#8221; _i=&#8221;0&#8243; _address=&#8221;2.0.0.0&#8243;][\/et_pb_blog][\/et_pb_column][\/et_pb_row][\/et_pb_section]<\/p>\n","protected":false},"excerpt":{"rendered":"<p>Ich, als Inhaber dieser Seite, kann Ihnen aus tiefstem Herzen versichern, es ist stets extrem verf\u00e4nglich und hinterh\u00e4ltig, wenn Ihnen der Inhaber einer Seite aus tiefstem Herzen etwas versichern m\u00f6chte. In Folge dessen bitte ich Sie, mir zu glauben, dass ich Ihnen hier wirklich nur etwas verkaufen will. Ich habe keinerlei &#8211; und ich gebe [&hellip;]<\/p>\n","protected":false},"author":3,"featured_media":0,"parent":0,"menu_order":0,"comment_status":"closed","ping_status":"closed","template":"","meta":{"_et_pb_use_builder":"on","_et_pb_old_content":"","_et_gb_content_width":"","footnotes":""},"class_list":["post-561","page","type-page","status-publish","hentry"],"yoast_head":"<!-- This site is optimized with the Yoast SEO plugin v27.5 - https:\/\/yoast.com\/product\/yoast-seo-wordpress\/ -->\n<title>Blog - shirtblazer<\/title>\n<meta name=\"robots\" content=\"index, follow, max-snippet:-1, max-image-preview:large, max-video-preview:-1\" \/>\n<link rel=\"canonical\" href=\"https:\/\/www.shirtblazer.de\/index.php\/blog\/\" \/>\n<meta property=\"og:locale\" content=\"de_DE\" \/>\n<meta property=\"og:type\" content=\"article\" \/>\n<meta property=\"og:title\" content=\"Blog - shirtblazer\" \/>\n<meta property=\"og:description\" content=\"Ich, als Inhaber dieser Seite, kann Ihnen aus tiefstem Herzen versichern, es ist stets extrem verf\u00e4nglich und hinterh\u00e4ltig, wenn Ihnen der Inhaber einer Seite aus tiefstem Herzen etwas versichern m\u00f6chte. In Folge dessen bitte ich Sie, mir zu glauben, dass ich Ihnen hier wirklich nur etwas verkaufen will. Ich habe keinerlei - und ich gebe [&hellip;]\" \/>\n<meta property=\"og:url\" content=\"https:\/\/www.shirtblazer.de\/index.php\/blog\/\" \/>\n<meta property=\"og:site_name\" content=\"shirtblazer\" \/>\n<meta property=\"article:publisher\" content=\"https:\/\/www.facebook.com\/shirtblazer\/\" \/>\n<meta property=\"article:modified_time\" content=\"2019-09-25T16:27:37+00:00\" \/>\n<meta name=\"twitter:card\" content=\"summary_large_image\" \/>\n<meta name=\"twitter:site\" content=\"@derherrgott\" \/>\n<meta name=\"twitter:label1\" content=\"Gesch\u00e4tzte Lesezeit\" \/>\n\t<meta name=\"twitter:data1\" content=\"2\u00a0Minuten\" \/>\n<script type=\"application\/ld+json\" class=\"yoast-schema-graph\">{\"@context\":\"https:\\\/\\\/schema.org\",\"@graph\":[{\"@type\":\"WebPage\",\"@id\":\"https:\\\/\\\/www.shirtblazer.de\\\/index.php\\\/blog\\\/\",\"url\":\"https:\\\/\\\/www.shirtblazer.de\\\/index.php\\\/blog\\\/\",\"name\":\"Blog - shirtblazer\",\"isPartOf\":{\"@id\":\"https:\\\/\\\/www.shirtblazer.de\\\/#website\"},\"datePublished\":\"2018-04-26T20:49:51+00:00\",\"dateModified\":\"2019-09-25T16:27:37+00:00\",\"breadcrumb\":{\"@id\":\"https:\\\/\\\/www.shirtblazer.de\\\/index.php\\\/blog\\\/#breadcrumb\"},\"inLanguage\":\"de\",\"potentialAction\":[{\"@type\":\"ReadAction\",\"target\":[\"https:\\\/\\\/www.shirtblazer.de\\\/index.php\\\/blog\\\/\"]}]},{\"@type\":\"BreadcrumbList\",\"@id\":\"https:\\\/\\\/www.shirtblazer.de\\\/index.php\\\/blog\\\/#breadcrumb\",\"itemListElement\":[{\"@type\":\"ListItem\",\"position\":1,\"name\":\"Startseite\",\"item\":\"https:\\\/\\\/www.shirtblazer.de\\\/\"},{\"@type\":\"ListItem\",\"position\":2,\"name\":\"Blog\"}]},{\"@type\":\"WebSite\",\"@id\":\"https:\\\/\\\/www.shirtblazer.de\\\/#website\",\"url\":\"https:\\\/\\\/www.shirtblazer.de\\\/\",\"name\":\"shirtblazer\",\"description\":\"das t-shirt paradies\",\"potentialAction\":[{\"@type\":\"SearchAction\",\"target\":{\"@type\":\"EntryPoint\",\"urlTemplate\":\"https:\\\/\\\/www.shirtblazer.de\\\/?s={search_term_string}\"},\"query-input\":{\"@type\":\"PropertyValueSpecification\",\"valueRequired\":true,\"valueName\":\"search_term_string\"}}],\"inLanguage\":\"de\"}]}<\/script>\n<!-- \/ Yoast SEO plugin. -->","yoast_head_json":{"title":"Blog - shirtblazer","robots":{"index":"index","follow":"follow","max-snippet":"max-snippet:-1","max-image-preview":"max-image-preview:large","max-video-preview":"max-video-preview:-1"},"canonical":"https:\/\/www.shirtblazer.de\/index.php\/blog\/","og_locale":"de_DE","og_type":"article","og_title":"Blog - shirtblazer","og_description":"Ich, als Inhaber dieser Seite, kann Ihnen aus tiefstem Herzen versichern, es ist stets extrem verf\u00e4nglich und hinterh\u00e4ltig, wenn Ihnen der Inhaber einer Seite aus tiefstem Herzen etwas versichern m\u00f6chte. In Folge dessen bitte ich Sie, mir zu glauben, dass ich Ihnen hier wirklich nur etwas verkaufen will. Ich habe keinerlei - und ich gebe [&hellip;]","og_url":"https:\/\/www.shirtblazer.de\/index.php\/blog\/","og_site_name":"shirtblazer","article_publisher":"https:\/\/www.facebook.com\/shirtblazer\/","article_modified_time":"2019-09-25T16:27:37+00:00","twitter_card":"summary_large_image","twitter_site":"@derherrgott","twitter_misc":{"Gesch\u00e4tzte Lesezeit":"2\u00a0Minuten"},"schema":{"@context":"https:\/\/schema.org","@graph":[{"@type":"WebPage","@id":"https:\/\/www.shirtblazer.de\/index.php\/blog\/","url":"https:\/\/www.shirtblazer.de\/index.php\/blog\/","name":"Blog - shirtblazer","isPartOf":{"@id":"https:\/\/www.shirtblazer.de\/#website"},"datePublished":"2018-04-26T20:49:51+00:00","dateModified":"2019-09-25T16:27:37+00:00","breadcrumb":{"@id":"https:\/\/www.shirtblazer.de\/index.php\/blog\/#breadcrumb"},"inLanguage":"de","potentialAction":[{"@type":"ReadAction","target":["https:\/\/www.shirtblazer.de\/index.php\/blog\/"]}]},{"@type":"BreadcrumbList","@id":"https:\/\/www.shirtblazer.de\/index.php\/blog\/#breadcrumb","itemListElement":[{"@type":"ListItem","position":1,"name":"Startseite","item":"https:\/\/www.shirtblazer.de\/"},{"@type":"ListItem","position":2,"name":"Blog"}]},{"@type":"WebSite","@id":"https:\/\/www.shirtblazer.de\/#website","url":"https:\/\/www.shirtblazer.de\/","name":"shirtblazer","description":"das t-shirt paradies","potentialAction":[{"@type":"SearchAction","target":{"@type":"EntryPoint","urlTemplate":"https:\/\/www.shirtblazer.de\/?s={search_term_string}"},"query-input":{"@type":"PropertyValueSpecification","valueRequired":true,"valueName":"search_term_string"}}],"inLanguage":"de"}]}},"_links":{"self":[{"href":"https:\/\/www.shirtblazer.de\/index.php\/wp-json\/wp\/v2\/pages\/561","targetHints":{"allow":["GET"]}}],"collection":[{"href":"https:\/\/www.shirtblazer.de\/index.php\/wp-json\/wp\/v2\/pages"}],"about":[{"href":"https:\/\/www.shirtblazer.de\/index.php\/wp-json\/wp\/v2\/types\/page"}],"author":[{"embeddable":true,"href":"https:\/\/www.shirtblazer.de\/index.php\/wp-json\/wp\/v2\/users\/3"}],"replies":[{"embeddable":true,"href":"https:\/\/www.shirtblazer.de\/index.php\/wp-json\/wp\/v2\/comments?post=561"}],"version-history":[{"count":9,"href":"https:\/\/www.shirtblazer.de\/index.php\/wp-json\/wp\/v2\/pages\/561\/revisions"}],"predecessor-version":[{"id":850,"href":"https:\/\/www.shirtblazer.de\/index.php\/wp-json\/wp\/v2\/pages\/561\/revisions\/850"}],"wp:attachment":[{"href":"https:\/\/www.shirtblazer.de\/index.php\/wp-json\/wp\/v2\/media?parent=561"}],"curies":[{"name":"wp","href":"https:\/\/api.w.org\/{rel}","templated":true}]}}