{"id":880,"date":"2020-05-14T10:09:21","date_gmt":"2020-05-14T10:09:21","guid":{"rendered":"https:\/\/www.shirtblazer.de\/?page_id=880"},"modified":"2020-05-14T10:32:39","modified_gmt":"2020-05-14T10:32:39","slug":"vatertag","status":"publish","type":"page","link":"https:\/\/www.shirtblazer.de\/index.php\/vatertag\/","title":{"rendered":"Vatertag"},"content":{"rendered":"\n[et_pb_section fb_built=&#8221;1&#8243; fullwidth=&#8221;on&#8221; _builder_version=&#8221;3.22&#8243;][et_pb_fullwidth_image src=&#8221;https:\/\/www.shirtblazer.de\/wp-content\/uploads\/2018\/05\/dadline_Header.jpg&#8221; _builder_version=&#8221;3.0.87&#8243; border_style=&#8221;solid&#8221;][\/et_pb_fullwidth_image][\/et_pb_section][et_pb_section fb_built=&#8221;1&#8243; _builder_version=&#8221;3.22&#8243;][et_pb_row column_structure=&#8221;1_2,1_2&#8243; _builder_version=&#8221;3.25&#8243; background_size=&#8221;initial&#8221; background_position=&#8221;top_left&#8221; background_repeat=&#8221;repeat&#8221;][et_pb_column type=&#8221;1_2&#8243; _builder_version=&#8221;3.25&#8243; custom_padding=&#8221;|||&#8221; custom_padding__hover=&#8221;|||&#8221;][et_pb_image src=&#8221;https:\/\/www.shirtblazer.de\/wp-content\/uploads\/2018\/05\/Bildschirmfoto-2018-05-11-um-11.38.07.png&#8221; url=&#8221;https:\/\/shop.spreadshirt.de\/derherrgott\/dadline&#8221; url_new_window=&#8221;on&#8221; align_tablet=&#8221;center&#8221; align_phone=&#8221;&#8221; align_last_edited=&#8221;on|desktop&#8221; _builder_version=&#8221;4.4.6&#8243; hover_enabled=&#8221;0&#8243; border_style=&#8221;solid&#8221; always_center_on_mobile=&#8221;on&#8221;][\/et_pb_image][\/et_pb_column][et_pb_column type=&#8221;1_2&#8243; _builder_version=&#8221;3.25&#8243; custom_padding=&#8221;|||&#8221; custom_padding__hover=&#8221;|||&#8221;][et_pb_text _builder_version=&#8221;4.4.6&#8243; hover_enabled=&#8221;0&#8243; border_style=&#8221;solid&#8221;]<p><strong>Die ULTIMATIVE Warnung f\u00fcr alle V\u00e4ter von T\u00f6chtern:\u00a0<\/strong><\/p>\n<p><strong>BIS HIERHIN UND NICHT WEITER, TYP!<\/strong><\/p>\n<p>DADLINE<br \/> Substantiv [die] \/ \u02c8d\u025bdla\u026an\/ letztm\u00f6gliche Chance verlustfrei und unbeschadet umzukehren, beim Versuch die Tochter eines misstrauischen Vaters zu daten.<br \/> Liebe V\u00e4ter, wenn Ihr dieses Shirt tragt, sollten keine Fragen mehr offen bleiben.<\/p>\n<p>Klassisch geschnittenes T-Shirt f\u00fcr M\u00e4nner, 100% Baumwolle, Stoffdichte: 185g\/m\u00b2. Marke: B&amp;C<\/p>\n<p><a href=\"https:\/\/shop.spreadshirt.de\/derherrgott\/dadline\" target=\"_blank\" rel=\"noopener noreferrer\"><strong>Hier geht`s zur Gr\u00f6\u00dfen- und Farbauswahl:<\/strong><\/a><\/p>\n<p>&nbsp;<\/p>\n[\/et_pb_text][\/et_pb_column][\/et_pb_row][\/et_pb_section][et_pb_section fb_built=&#8221;1&#8243; _builder_version=&#8221;3.22&#8243;][et_pb_row column_structure=&#8221;1_3,1_3,1_3&#8243; _builder_version=&#8221;3.25&#8243; background_size=&#8221;initial&#8221; background_position=&#8221;top_left&#8221; background_repeat=&#8221;repeat&#8221;][et_pb_column type=&#8221;1_3&#8243; _builder_version=&#8221;3.25&#8243; custom_padding=&#8221;|||&#8221; custom_padding__hover=&#8221;|||&#8221;][et_pb_image src=&#8221;https:\/\/www.shirtblazer.de\/wp-content\/uploads\/2018\/05\/Bildschirmfoto-2018-05-11-um-11.38.18.png&#8221; url=&#8221;https:\/\/shop.spreadshirt.de\/derherrgott\/dadline-A115609860&#8243; url_new_window=&#8221;on&#8221; align_tablet=&#8221;center&#8221; align_phone=&#8221;&#8221; align_last_edited=&#8221;on|desktop&#8221; _builder_version=&#8221;3.23&#8243; border_style=&#8221;solid&#8221; always_center_on_mobile=&#8221;on&#8221;][\/et_pb_image][\/et_pb_column][et_pb_column type=&#8221;1_3&#8243; _builder_version=&#8221;3.25&#8243; custom_padding=&#8221;|||&#8221; custom_padding__hover=&#8221;|||&#8221;][et_pb_image src=&#8221;https:\/\/www.shirtblazer.de\/wp-content\/uploads\/2018\/05\/Bildschirmfoto-2018-05-11-um-11.38.26.png&#8221; url=&#8221;https:\/\/shop.spreadshirt.de\/derherrgott\/dadline-A115609860?productType=6&#038;appearance=5&#8243; url_new_window=&#8221;on&#8221; align_tablet=&#8221;center&#8221; align_phone=&#8221;&#8221; align_last_edited=&#8221;on|desktop&#8221; _builder_version=&#8221;3.23&#8243; border_style=&#8221;solid&#8221; always_center_on_mobile=&#8221;on&#8221;][\/et_pb_image][\/et_pb_column][et_pb_column type=&#8221;1_3&#8243; _builder_version=&#8221;3.25&#8243; custom_padding=&#8221;|||&#8221; custom_padding__hover=&#8221;|||&#8221;][et_pb_image src=&#8221;https:\/\/www.shirtblazer.de\/wp-content\/uploads\/2018\/05\/Bildschirmfoto-2018-05-11-um-12.05.44.png&#8221; url=&#8221;https:\/\/shop.spreadshirt.de\/derherrgott\/dadline-A115609860?productType=6&#038;appearance=4&#8243; url_new_window=&#8221;on&#8221; align_tablet=&#8221;center&#8221; align_phone=&#8221;&#8221; align_last_edited=&#8221;on|desktop&#8221; _builder_version=&#8221;3.23&#8243; border_style=&#8221;solid&#8221; always_center_on_mobile=&#8221;on&#8221;][\/et_pb_image][\/et_pb_column][\/et_pb_row][et_pb_row _builder_version=&#8221;4.4.6&#8243; column_structure=&#8221;1_2,1_2&#8243;][et_pb_column _builder_version=&#8221;4.4.6&#8243; type=&#8221;1_2&#8243;][et_pb_image src=&#8221;https:\/\/www.shirtblazer.de\/wp-content\/uploads\/2020\/05\/DADLINE_Man_Blue_Mockup.png&#8221; _builder_version=&#8221;4.4.6&#8243; title_text=&#8221;DADLINE_Man_Blue_Mockup&#8221; url=&#8221;https:\/\/shop.spreadshirt.de\/derherrgott\/dadline&#8221; hover_enabled=&#8221;0&#8243;][\/et_pb_image][\/et_pb_column][et_pb_column _builder_version=&#8221;4.4.6&#8243; type=&#8221;1_2&#8243;][et_pb_video src=&#8221;https:\/\/www.shirtblazer.de\/wp-content\/uploads\/2020\/05\/DADLINE_VIDEO_Man_Black_Mockup-1.mp4&#8243; _builder_version=&#8221;4.4.6&#8243; title_text=&#8221;DADLINE_VIDEO_Man_Black_Mockup&#8221; hover_enabled=&#8221;0&#8243;][\/et_pb_video][\/et_pb_column][\/et_pb_row][\/et_pb_section][et_pb_section fb_built=&#8221;1&#8243; _builder_version=&#8221;3.22&#8243; locked=&#8221;off&#8221;][et_pb_row column_structure=&#8221;1_2,1_2&#8243; _builder_version=&#8221;3.25&#8243; background_size=&#8221;initial&#8221; background_position=&#8221;top_left&#8221; background_repeat=&#8221;repeat&#8221;][et_pb_column type=&#8221;1_2&#8243; _builder_version=&#8221;3.25&#8243; custom_padding=&#8221;|||&#8221; custom_padding__hover=&#8221;|||&#8221;][et_pb_image src=&#8221;https:\/\/www.shirtblazer.de\/wp-content\/uploads\/2020\/05\/DarthVadda_Man_White_Mockup.png&#8221; url=&#8221;https:\/\/shop.spreadshirt.de\/derherrgott\/darth+vadda&#8221; url_new_window=&#8221;on&#8221; align_tablet=&#8221;center&#8221; align_phone=&#8221;&#8221; align_last_edited=&#8221;on|desktop&#8221; _builder_version=&#8221;4.4.6&#8243; hover_enabled=&#8221;0&#8243; border_style=&#8221;solid&#8221; always_center_on_mobile=&#8221;on&#8221; title_text=&#8221;DarthVadda_Man_White_Mockup&#8221;][\/et_pb_image][\/et_pb_column][et_pb_column type=&#8221;1_2&#8243; _builder_version=&#8221;3.25&#8243; custom_padding=&#8221;|||&#8221; custom_padding__hover=&#8221;|||&#8221;][et_pb_text _builder_version=&#8221;4.4.6&#8243; hover_enabled=&#8221;0&#8243; border_style=&#8221;solid&#8221;]<p><strong>Dieses Jahr ist alles anders? Fast alles!\u00a0<\/strong><\/p>\n<p><strong>DARTH VADDA ON TOUR MIT DEM BOLLERWAGEN DES TODES<br \/><\/strong><span><br \/> Los Jungs, schnappt Euch Masken und Bollerwagen, rein mit dem Birchen und los geht die Party!<\/span><\/p>\n<p><a href=\"https:\/\/shop.spreadshirt.de\/derherrgott\/darth+vadda\" target=\"_blank\" rel=\"noopener noreferrer\"><strong>Hier geht`s zur Gr\u00f6\u00dfen- und Farbauswahl:<\/strong><\/a><\/p>\n<p>&nbsp;<\/p>\n[\/et_pb_text][\/et_pb_column][\/et_pb_row][\/et_pb_section][et_pb_section fb_built=&#8221;1&#8243; _builder_version=&#8221;3.22&#8243; locked=&#8221;off&#8221;][et_pb_row column_structure=&#8221;1_3,1_3,1_3&#8243; _builder_version=&#8221;3.25&#8243; background_size=&#8221;initial&#8221; background_position=&#8221;top_left&#8221; background_repeat=&#8221;repeat&#8221;][et_pb_column type=&#8221;1_3&#8243; _builder_version=&#8221;3.25&#8243; custom_padding=&#8221;|||&#8221; custom_padding__hover=&#8221;|||&#8221;][et_pb_image src=&#8221;https:\/\/www.shirtblazer.de\/wp-content\/uploads\/2020\/05\/Bildschirmfoto-2020-05-14-um-12.25.40.png&#8221; url=&#8221;https:\/\/shop.spreadshirt.de\/derherrgott\/darth+vadda&#8221; url_new_window=&#8221;on&#8221; align_tablet=&#8221;center&#8221; align_phone=&#8221;&#8221; align_last_edited=&#8221;on|desktop&#8221; _builder_version=&#8221;4.4.6&#8243; hover_enabled=&#8221;0&#8243; border_style=&#8221;solid&#8221; always_center_on_mobile=&#8221;on&#8221; title_text=&#8221;Bildschirmfoto 2020-05-14 um 12.25.40&#8243;][\/et_pb_image][\/et_pb_column][et_pb_column type=&#8221;1_3&#8243; _builder_version=&#8221;3.25&#8243; custom_padding=&#8221;|||&#8221; custom_padding__hover=&#8221;|||&#8221;][et_pb_image src=&#8221;https:\/\/www.shirtblazer.de\/wp-content\/uploads\/2020\/05\/Bildschirmfoto-2020-05-14-um-12.25.16.png&#8221; url=&#8221;https:\/\/shop.spreadshirt.de\/derherrgott\/darth+vadda&#8221; url_new_window=&#8221;on&#8221; align_tablet=&#8221;center&#8221; align_phone=&#8221;&#8221; align_last_edited=&#8221;on|desktop&#8221; _builder_version=&#8221;4.4.6&#8243; hover_enabled=&#8221;0&#8243; border_style=&#8221;solid&#8221; always_center_on_mobile=&#8221;on&#8221; title_text=&#8221;Bildschirmfoto 2020-05-14 um 12.25.16&#8243;][\/et_pb_image][\/et_pb_column][et_pb_column type=&#8221;1_3&#8243; _builder_version=&#8221;3.25&#8243; custom_padding=&#8221;|||&#8221; custom_padding__hover=&#8221;|||&#8221;][et_pb_image src=&#8221;https:\/\/www.shirtblazer.de\/wp-content\/uploads\/2020\/05\/Bildschirmfoto-2020-05-14-um-12.24.57.png&#8221; url=&#8221;https:\/\/shop.spreadshirt.de\/derherrgott\/darth+vadda&#8221; url_new_window=&#8221;on&#8221; align_tablet=&#8221;center&#8221; align_phone=&#8221;&#8221; align_last_edited=&#8221;on|desktop&#8221; _builder_version=&#8221;4.4.6&#8243; hover_enabled=&#8221;0&#8243; border_style=&#8221;solid&#8221; always_center_on_mobile=&#8221;on&#8221; title_text=&#8221;Bildschirmfoto 2020-05-14 um 12.24.57&#8243;][\/et_pb_image][\/et_pb_column][\/et_pb_row][et_pb_row _builder_version=&#8221;4.4.6&#8243;][et_pb_column _builder_version=&#8221;4.4.6&#8243; type=&#8221;4_4&#8243;][et_pb_video src=&#8221;https:\/\/www.shirtblazer.de\/wp-content\/uploads\/2020\/05\/DarthVadda_VIDEO_Man_White_Mockup-1.mp4&#8243; _builder_version=&#8221;4.4.6&#8243; title_text=&#8221;DarthVadda_VIDEO_Man_White_Mockup&#8221; hover_enabled=&#8221;0&#8243;][\/et_pb_video][\/et_pb_column][\/et_pb_row][\/et_pb_section][et_pb_section fb_built=&#8221;1&#8243; fullwidth=&#8221;on&#8221; _builder_version=&#8221;3.22&#8243;][et_pb_fullwidth_image src=&#8221;https:\/\/www.shirtblazer.de\/wp-content\/uploads\/2018\/04\/Shirt-Happens.jpg&#8221; _builder_version=&#8221;3.0.87&#8243; border_style=&#8221;solid&#8221;][\/et_pb_fullwidth_image][\/et_pb_section]\n","protected":false},"excerpt":{"rendered":"<p>Die ULTIMATIVE Warnung f\u00fcr alle V\u00e4ter von T\u00f6chtern:\u00a0 BIS HIERHIN UND NICHT WEITER, TYP! DADLINE Substantiv [die] \/ \u02c8d\u025bdla\u026an\/ letztm\u00f6gliche Chance verlustfrei und unbeschadet umzukehren, beim Versuch die Tochter eines misstrauischen Vaters zu daten. Liebe V\u00e4ter, wenn Ihr dieses Shirt tragt, sollten keine Fragen mehr offen bleiben. Klassisch geschnittenes T-Shirt f\u00fcr M\u00e4nner, 100% Baumwolle, Stoffdichte: [&hellip;]<\/p>\n","protected":false},"author":3,"featured_media":0,"parent":0,"menu_order":0,"comment_status":"closed","ping_status":"closed","template":"","meta":{"_et_pb_use_builder":"on","_et_pb_old_content":"","_et_gb_content_width":"","footnotes":""},"class_list":["post-880","page","type-page","status-publish","hentry"],"yoast_head":"<!-- This site is optimized with the Yoast SEO plugin v27.3 - https:\/\/yoast.com\/product\/yoast-seo-wordpress\/ -->\n<title>Vatertag - shirtblazer<\/title>\n<meta name=\"robots\" content=\"index, follow, max-snippet:-1, max-image-preview:large, max-video-preview:-1\" \/>\n<link rel=\"canonical\" href=\"https:\/\/www.shirtblazer.de\/index.php\/vatertag\/\" \/>\n<meta property=\"og:locale\" content=\"de_DE\" \/>\n<meta property=\"og:type\" content=\"article\" \/>\n<meta property=\"og:title\" content=\"Vatertag - shirtblazer\" \/>\n<meta property=\"og:description\" content=\"Die ULTIMATIVE Warnung f\u00fcr alle V\u00e4ter von T\u00f6chtern:\u00a0 BIS HIERHIN UND NICHT WEITER, TYP! DADLINE Substantiv [die] \/ \u02c8d\u025bdla\u026an\/ letztm\u00f6gliche Chance verlustfrei und unbeschadet umzukehren, beim Versuch die Tochter eines misstrauischen Vaters zu daten. Liebe V\u00e4ter, wenn Ihr dieses Shirt tragt, sollten keine Fragen mehr offen bleiben. Klassisch geschnittenes T-Shirt f\u00fcr M\u00e4nner, 100% Baumwolle, Stoffdichte: [&hellip;]\" \/>\n<meta property=\"og:url\" content=\"https:\/\/www.shirtblazer.de\/index.php\/vatertag\/\" \/>\n<meta property=\"og:site_name\" content=\"shirtblazer\" \/>\n<meta property=\"article:publisher\" content=\"https:\/\/www.facebook.com\/shirtblazer\/\" \/>\n<meta property=\"article:modified_time\" content=\"2020-05-14T10:32:39+00:00\" \/>\n<meta name=\"twitter:card\" content=\"summary_large_image\" \/>\n<meta name=\"twitter:site\" content=\"@derherrgott\" \/>\n<meta name=\"twitter:label1\" content=\"Gesch\u00e4tzte Lesezeit\" \/>\n\t<meta name=\"twitter:data1\" content=\"5\u00a0Minuten\" \/>\n<script type=\"application\/ld+json\" class=\"yoast-schema-graph\">{\"@context\":\"https:\\\/\\\/schema.org\",\"@graph\":[{\"@type\":\"WebPage\",\"@id\":\"https:\\\/\\\/www.shirtblazer.de\\\/index.php\\\/vatertag\\\/\",\"url\":\"https:\\\/\\\/www.shirtblazer.de\\\/index.php\\\/vatertag\\\/\",\"name\":\"Vatertag - shirtblazer\",\"isPartOf\":{\"@id\":\"https:\\\/\\\/www.shirtblazer.de\\\/#website\"},\"datePublished\":\"2020-05-14T10:09:21+00:00\",\"dateModified\":\"2020-05-14T10:32:39+00:00\",\"breadcrumb\":{\"@id\":\"https:\\\/\\\/www.shirtblazer.de\\\/index.php\\\/vatertag\\\/#breadcrumb\"},\"inLanguage\":\"de\",\"potentialAction\":[{\"@type\":\"ReadAction\",\"target\":[\"https:\\\/\\\/www.shirtblazer.de\\\/index.php\\\/vatertag\\\/\"]}]},{\"@type\":\"BreadcrumbList\",\"@id\":\"https:\\\/\\\/www.shirtblazer.de\\\/index.php\\\/vatertag\\\/#breadcrumb\",\"itemListElement\":[{\"@type\":\"ListItem\",\"position\":1,\"name\":\"Startseite\",\"item\":\"https:\\\/\\\/www.shirtblazer.de\\\/\"},{\"@type\":\"ListItem\",\"position\":2,\"name\":\"Vatertag\"}]},{\"@type\":\"WebSite\",\"@id\":\"https:\\\/\\\/www.shirtblazer.de\\\/#website\",\"url\":\"https:\\\/\\\/www.shirtblazer.de\\\/\",\"name\":\"shirtblazer\",\"description\":\"das t-shirt paradies\",\"potentialAction\":[{\"@type\":\"SearchAction\",\"target\":{\"@type\":\"EntryPoint\",\"urlTemplate\":\"https:\\\/\\\/www.shirtblazer.de\\\/?s={search_term_string}\"},\"query-input\":{\"@type\":\"PropertyValueSpecification\",\"valueRequired\":true,\"valueName\":\"search_term_string\"}}],\"inLanguage\":\"de\"}]}<\/script>\n<!-- \/ Yoast SEO plugin. -->","yoast_head_json":{"title":"Vatertag - shirtblazer","robots":{"index":"index","follow":"follow","max-snippet":"max-snippet:-1","max-image-preview":"max-image-preview:large","max-video-preview":"max-video-preview:-1"},"canonical":"https:\/\/www.shirtblazer.de\/index.php\/vatertag\/","og_locale":"de_DE","og_type":"article","og_title":"Vatertag - shirtblazer","og_description":"Die ULTIMATIVE Warnung f\u00fcr alle V\u00e4ter von T\u00f6chtern:\u00a0 BIS HIERHIN UND NICHT WEITER, TYP! DADLINE Substantiv [die] \/ \u02c8d\u025bdla\u026an\/ letztm\u00f6gliche Chance verlustfrei und unbeschadet umzukehren, beim Versuch die Tochter eines misstrauischen Vaters zu daten. Liebe V\u00e4ter, wenn Ihr dieses Shirt tragt, sollten keine Fragen mehr offen bleiben. Klassisch geschnittenes T-Shirt f\u00fcr M\u00e4nner, 100% Baumwolle, Stoffdichte: [&hellip;]","og_url":"https:\/\/www.shirtblazer.de\/index.php\/vatertag\/","og_site_name":"shirtblazer","article_publisher":"https:\/\/www.facebook.com\/shirtblazer\/","article_modified_time":"2020-05-14T10:32:39+00:00","twitter_card":"summary_large_image","twitter_site":"@derherrgott","twitter_misc":{"Gesch\u00e4tzte Lesezeit":"5\u00a0Minuten"},"schema":{"@context":"https:\/\/schema.org","@graph":[{"@type":"WebPage","@id":"https:\/\/www.shirtblazer.de\/index.php\/vatertag\/","url":"https:\/\/www.shirtblazer.de\/index.php\/vatertag\/","name":"Vatertag - shirtblazer","isPartOf":{"@id":"https:\/\/www.shirtblazer.de\/#website"},"datePublished":"2020-05-14T10:09:21+00:00","dateModified":"2020-05-14T10:32:39+00:00","breadcrumb":{"@id":"https:\/\/www.shirtblazer.de\/index.php\/vatertag\/#breadcrumb"},"inLanguage":"de","potentialAction":[{"@type":"ReadAction","target":["https:\/\/www.shirtblazer.de\/index.php\/vatertag\/"]}]},{"@type":"BreadcrumbList","@id":"https:\/\/www.shirtblazer.de\/index.php\/vatertag\/#breadcrumb","itemListElement":[{"@type":"ListItem","position":1,"name":"Startseite","item":"https:\/\/www.shirtblazer.de\/"},{"@type":"ListItem","position":2,"name":"Vatertag"}]},{"@type":"WebSite","@id":"https:\/\/www.shirtblazer.de\/#website","url":"https:\/\/www.shirtblazer.de\/","name":"shirtblazer","description":"das t-shirt paradies","potentialAction":[{"@type":"SearchAction","target":{"@type":"EntryPoint","urlTemplate":"https:\/\/www.shirtblazer.de\/?s={search_term_string}"},"query-input":{"@type":"PropertyValueSpecification","valueRequired":true,"valueName":"search_term_string"}}],"inLanguage":"de"}]}},"_links":{"self":[{"href":"https:\/\/www.shirtblazer.de\/index.php\/wp-json\/wp\/v2\/pages\/880","targetHints":{"allow":["GET"]}}],"collection":[{"href":"https:\/\/www.shirtblazer.de\/index.php\/wp-json\/wp\/v2\/pages"}],"about":[{"href":"https:\/\/www.shirtblazer.de\/index.php\/wp-json\/wp\/v2\/types\/page"}],"author":[{"embeddable":true,"href":"https:\/\/www.shirtblazer.de\/index.php\/wp-json\/wp\/v2\/users\/3"}],"replies":[{"embeddable":true,"href":"https:\/\/www.shirtblazer.de\/index.php\/wp-json\/wp\/v2\/comments?post=880"}],"version-history":[{"count":9,"href":"https:\/\/www.shirtblazer.de\/index.php\/wp-json\/wp\/v2\/pages\/880\/revisions"}],"predecessor-version":[{"id":905,"href":"https:\/\/www.shirtblazer.de\/index.php\/wp-json\/wp\/v2\/pages\/880\/revisions\/905"}],"wp:attachment":[{"href":"https:\/\/www.shirtblazer.de\/index.php\/wp-json\/wp\/v2\/media?parent=880"}],"curies":[{"name":"wp","href":"https:\/\/api.w.org\/{rel}","templated":true}]}}