{"id":92,"date":"2017-09-28T16:04:53","date_gmt":"2017-09-28T16:04:53","guid":{"rendered":"https:\/\/www.ruhryork.ruhr\/?page_id=92"},"modified":"2017-09-28T19:38:39","modified_gmt":"2017-09-28T19:38:39","slug":"impressum","status":"publish","type":"page","link":"https:\/\/www.shirtblazer.de\/index.php\/impressum\/","title":{"rendered":"Impressum"},"content":{"rendered":"<p>[et_pb_section bb_built=&#8221;1&#8243;][et_pb_row][et_pb_column type=&#8221;4_4&#8243;][et_pb_text _builder_version=&#8221;3.0.75&#8243; background_layout=&#8221;light&#8221; border_style=&#8221;solid&#8221;]<\/p>\n<p>Impressum und Kontakt zum Macher dieser Seiten, auch Anbieter genannt.<\/p>\n<p><strong>Anbieter<\/strong><br \/>\nMarkus G. S\u00e4nger<\/p>\n<p><strong>Postanschrift<\/strong><br \/>\nMarkus G. S\u00e4nger<br \/>\nUnterer Pustenberg 11<br \/>\n45239 Essen<\/p>\n<p><strong>Weitere Kontakm\u00f6glichkeiten:<\/strong><br \/>\ntwitter:\u00a0<a href=\"http:\/\/www.twitter.com\/derherrgott\">@derherrgott<\/a><br \/>\nSkype:\u00a0dervirologe<\/p>\n<p>&nbsp;<\/p>\n<p>Die verwendeten Header-Fotos sind von www.fotolia.de, namentlich von\u00a0Urheber:\u00a0<a title=\"Das komplette Portfolio von majdansky ansehen\" href=\"https:\/\/de.fotolia.com\/p\/204975571\">majdansky<\/a>\u00a0gekauft. Au\u00dfer das Foto beim PORTER Header, das ist von J\u00fcrgen B\u00fcrgin und hier mit freundlicher Genehmigung von jenem verwendet: www.juergenbuergin.com<\/p>\n<p>Weitere Fotos sind &#8211; gerade bei einigen Shirts an Models &#8211; sind von PlaceIt.com.<\/p>\n<p>[\/et_pb_text][\/et_pb_column][\/et_pb_row][\/et_pb_section]<\/p>\n","protected":false},"excerpt":{"rendered":"<p><div class=\"et_pb_row et_pb_row_0 et_pb_row_empty\">\n\t\t\t\t\n\t\t\t\t\n\t\t\t\t\n\t\t\t\t\n\t\t\t\t\n\t\t\t<\/div> Impressum und Kontakt zum Macher dieser Seiten, auch Anbieter genannt. Anbieter Markus G. S\u00e4nger Postanschrift Markus G. S\u00e4nger Unterer Pustenberg 11 45239 Essen Weitere Kontakm\u00f6glichkeiten: twitter:\u00a0@derherrgott Skype:\u00a0dervirologe &nbsp; Die verwendeten Header-Fotos sind von www.fotolia.de, namentlich von\u00a0Urheber:\u00a0majdansky\u00a0gekauft. Au\u00dfer das Foto beim PORTER Header, das ist von J\u00fcrgen B\u00fcrgin und hier mit freundlicher Genehmigung von jenem [&hellip;]<\/p>\n","protected":false},"author":3,"featured_media":0,"parent":0,"menu_order":0,"comment_status":"closed","ping_status":"closed","template":"","meta":{"_et_pb_use_builder":"on","_et_pb_old_content":"<p>Impressum und Kontakt zum Macher dieser Seiten, auch Anbieter genannt.<\/p><p><strong>Anbieter<\/strong><br \/>Markus G. S\u00e4nger<\/p><p><strong>Postanschrift<\/strong><br \/>Markus G. S\u00e4nger<br \/>Unterer Pustenberg 11<br \/>45239 Essen<\/p><p><strong>Weitere Kontakm\u00f6glichkeiten:<\/strong><br \/>twitter:\u00a0<a href=\"http:\/\/www.twitter.com\/derherrgott\">@derherrgott<\/a><br \/>Skype:\u00a0dervirologe<\/p>","_et_gb_content_width":"","footnotes":""},"class_list":["post-92","page","type-page","status-publish","hentry"],"yoast_head":"<!-- This site is optimized with the Yoast SEO plugin v27.4 - https:\/\/yoast.com\/product\/yoast-seo-wordpress\/ -->\n<title>Impressum - shirtblazer<\/title>\n<meta name=\"robots\" content=\"index, follow, max-snippet:-1, max-image-preview:large, max-video-preview:-1\" \/>\n<link rel=\"canonical\" href=\"https:\/\/www.shirtblazer.de\/index.php\/impressum\/\" \/>\n<meta property=\"og:locale\" content=\"de_DE\" \/>\n<meta property=\"og:type\" content=\"article\" \/>\n<meta property=\"og:title\" content=\"Impressum - shirtblazer\" \/>\n<meta property=\"og:description\" content=\"Impressum und Kontakt zum Macher dieser Seiten, auch Anbieter genannt. Anbieter Markus G. S\u00e4nger Postanschrift Markus G. S\u00e4nger Unterer Pustenberg 11 45239 Essen Weitere Kontakm\u00f6glichkeiten: twitter:\u00a0@derherrgott Skype:\u00a0dervirologe &nbsp; Die verwendeten Header-Fotos sind von www.fotolia.de, namentlich von\u00a0Urheber:\u00a0majdansky\u00a0gekauft. Au\u00dfer das Foto beim PORTER Header, das ist von J\u00fcrgen B\u00fcrgin und hier mit freundlicher Genehmigung von jenem [&hellip;]\" \/>\n<meta property=\"og:url\" content=\"https:\/\/www.shirtblazer.de\/index.php\/impressum\/\" \/>\n<meta property=\"og:site_name\" content=\"shirtblazer\" \/>\n<meta property=\"article:publisher\" content=\"https:\/\/www.facebook.com\/shirtblazer\/\" \/>\n<meta property=\"article:modified_time\" content=\"2017-09-28T19:38:39+00:00\" \/>\n<meta name=\"twitter:card\" content=\"summary_large_image\" \/>\n<meta name=\"twitter:site\" content=\"@derherrgott\" \/>\n<meta name=\"twitter:label1\" content=\"Gesch\u00e4tzte Lesezeit\" \/>\n\t<meta name=\"twitter:data1\" content=\"1\u00a0Minute\" \/>\n<script type=\"application\/ld+json\" class=\"yoast-schema-graph\">{\"@context\":\"https:\\\/\\\/schema.org\",\"@graph\":[{\"@type\":\"WebPage\",\"@id\":\"https:\\\/\\\/www.shirtblazer.de\\\/index.php\\\/impressum\\\/\",\"url\":\"https:\\\/\\\/www.shirtblazer.de\\\/index.php\\\/impressum\\\/\",\"name\":\"Impressum - shirtblazer\",\"isPartOf\":{\"@id\":\"https:\\\/\\\/www.shirtblazer.de\\\/#website\"},\"datePublished\":\"2017-09-28T16:04:53+00:00\",\"dateModified\":\"2017-09-28T19:38:39+00:00\",\"breadcrumb\":{\"@id\":\"https:\\\/\\\/www.shirtblazer.de\\\/index.php\\\/impressum\\\/#breadcrumb\"},\"inLanguage\":\"de\",\"potentialAction\":[{\"@type\":\"ReadAction\",\"target\":[\"https:\\\/\\\/www.shirtblazer.de\\\/index.php\\\/impressum\\\/\"]}]},{\"@type\":\"BreadcrumbList\",\"@id\":\"https:\\\/\\\/www.shirtblazer.de\\\/index.php\\\/impressum\\\/#breadcrumb\",\"itemListElement\":[{\"@type\":\"ListItem\",\"position\":1,\"name\":\"Startseite\",\"item\":\"https:\\\/\\\/www.shirtblazer.de\\\/\"},{\"@type\":\"ListItem\",\"position\":2,\"name\":\"Impressum\"}]},{\"@type\":\"WebSite\",\"@id\":\"https:\\\/\\\/www.shirtblazer.de\\\/#website\",\"url\":\"https:\\\/\\\/www.shirtblazer.de\\\/\",\"name\":\"shirtblazer\",\"description\":\"das t-shirt paradies\",\"potentialAction\":[{\"@type\":\"SearchAction\",\"target\":{\"@type\":\"EntryPoint\",\"urlTemplate\":\"https:\\\/\\\/www.shirtblazer.de\\\/?s={search_term_string}\"},\"query-input\":{\"@type\":\"PropertyValueSpecification\",\"valueRequired\":true,\"valueName\":\"search_term_string\"}}],\"inLanguage\":\"de\"}]}<\/script>\n<!-- \/ Yoast SEO plugin. -->","yoast_head_json":{"title":"Impressum - shirtblazer","robots":{"index":"index","follow":"follow","max-snippet":"max-snippet:-1","max-image-preview":"max-image-preview:large","max-video-preview":"max-video-preview:-1"},"canonical":"https:\/\/www.shirtblazer.de\/index.php\/impressum\/","og_locale":"de_DE","og_type":"article","og_title":"Impressum - shirtblazer","og_description":"Impressum und Kontakt zum Macher dieser Seiten, auch Anbieter genannt. Anbieter Markus G. S\u00e4nger Postanschrift Markus G. S\u00e4nger Unterer Pustenberg 11 45239 Essen Weitere Kontakm\u00f6glichkeiten: twitter:\u00a0@derherrgott Skype:\u00a0dervirologe &nbsp; Die verwendeten Header-Fotos sind von www.fotolia.de, namentlich von\u00a0Urheber:\u00a0majdansky\u00a0gekauft. Au\u00dfer das Foto beim PORTER Header, das ist von J\u00fcrgen B\u00fcrgin und hier mit freundlicher Genehmigung von jenem [&hellip;]","og_url":"https:\/\/www.shirtblazer.de\/index.php\/impressum\/","og_site_name":"shirtblazer","article_publisher":"https:\/\/www.facebook.com\/shirtblazer\/","article_modified_time":"2017-09-28T19:38:39+00:00","twitter_card":"summary_large_image","twitter_site":"@derherrgott","twitter_misc":{"Gesch\u00e4tzte Lesezeit":"1\u00a0Minute"},"schema":{"@context":"https:\/\/schema.org","@graph":[{"@type":"WebPage","@id":"https:\/\/www.shirtblazer.de\/index.php\/impressum\/","url":"https:\/\/www.shirtblazer.de\/index.php\/impressum\/","name":"Impressum - shirtblazer","isPartOf":{"@id":"https:\/\/www.shirtblazer.de\/#website"},"datePublished":"2017-09-28T16:04:53+00:00","dateModified":"2017-09-28T19:38:39+00:00","breadcrumb":{"@id":"https:\/\/www.shirtblazer.de\/index.php\/impressum\/#breadcrumb"},"inLanguage":"de","potentialAction":[{"@type":"ReadAction","target":["https:\/\/www.shirtblazer.de\/index.php\/impressum\/"]}]},{"@type":"BreadcrumbList","@id":"https:\/\/www.shirtblazer.de\/index.php\/impressum\/#breadcrumb","itemListElement":[{"@type":"ListItem","position":1,"name":"Startseite","item":"https:\/\/www.shirtblazer.de\/"},{"@type":"ListItem","position":2,"name":"Impressum"}]},{"@type":"WebSite","@id":"https:\/\/www.shirtblazer.de\/#website","url":"https:\/\/www.shirtblazer.de\/","name":"shirtblazer","description":"das t-shirt paradies","potentialAction":[{"@type":"SearchAction","target":{"@type":"EntryPoint","urlTemplate":"https:\/\/www.shirtblazer.de\/?s={search_term_string}"},"query-input":{"@type":"PropertyValueSpecification","valueRequired":true,"valueName":"search_term_string"}}],"inLanguage":"de"}]}},"_links":{"self":[{"href":"https:\/\/www.shirtblazer.de\/index.php\/wp-json\/wp\/v2\/pages\/92","targetHints":{"allow":["GET"]}}],"collection":[{"href":"https:\/\/www.shirtblazer.de\/index.php\/wp-json\/wp\/v2\/pages"}],"about":[{"href":"https:\/\/www.shirtblazer.de\/index.php\/wp-json\/wp\/v2\/types\/page"}],"author":[{"embeddable":true,"href":"https:\/\/www.shirtblazer.de\/index.php\/wp-json\/wp\/v2\/users\/3"}],"replies":[{"embeddable":true,"href":"https:\/\/www.shirtblazer.de\/index.php\/wp-json\/wp\/v2\/comments?post=92"}],"version-history":[{"count":2,"href":"https:\/\/www.shirtblazer.de\/index.php\/wp-json\/wp\/v2\/pages\/92\/revisions"}],"predecessor-version":[{"id":123,"href":"https:\/\/www.shirtblazer.de\/index.php\/wp-json\/wp\/v2\/pages\/92\/revisions\/123"}],"wp:attachment":[{"href":"https:\/\/www.shirtblazer.de\/index.php\/wp-json\/wp\/v2\/media?parent=92"}],"curies":[{"name":"wp","href":"https:\/\/api.w.org\/{rel}","templated":true}]}}